{"id":45,"date":"2024-06-19T05:34:10","date_gmt":"2024-06-19T03:34:10","guid":{"rendered":"https:\/\/normaleskildsen.mx\/posgradoenep\/?page_id=45"},"modified":"2025-09-30T22:45:02","modified_gmt":"2025-10-01T04:45:02","slug":"requisitos","status":"publish","type":"page","link":"https:\/\/normaleskildsen.mx\/posgradoenep\/requisitos\/","title":{"rendered":"REQUISITOS"},"content":{"rendered":"\n<p class=\"has-text-color has-link-color wp-elements-efe09c4729e718d659d378701d1058be\" style=\"color:#06527b\"><strong>PROCESO DE SELECCI\u00d3N<\/strong><\/p>\n\n\n\n<p style=\"font-size:16px\">Podr\u00e1n participar todas aquellas personas que cuenten con t\u00edtulo de nivel licenciatura en el \u00e1rea de educaci\u00f3n o a\ufb01nes a la misma. Son considerados quienes, adem\u00e1s de la licenciatura, cuenten con alguna especializaci\u00f3n af\u00edn a los temas educativos. Pueden tener experiencia en el campo laboral de educaci\u00f3n b\u00e1sica, o en el campo disciplinar que se ofrezca en la educaci\u00f3n en general .<\/p>\n\n\n\n<p class=\"has-text-color has-link-color wp-elements-54f0d8d270c7c30695a9d179f3a51129\" style=\"color:#06527b\"><strong>DOCUMENTACI\u00d3N REQUERIDA<\/strong><\/p>\n\n\n\n<ul class=\"wp-block-list\">\n<li style=\"font-size:16px\">Certi\ufb01cado de terminaci\u00f3n de estudios de nivel licenciatura.<\/li>\n\n\n\n<li style=\"font-size:16px\">T\u00edtulo profesional de nivel licenciatura.<\/li>\n\n\n\n<li style=\"font-size:16px\">Resoluci\u00f3n de revalidaci\u00f3n de estudios de licenciatura, para quienes realizaron sus estudios en el extranjero.<\/li>\n\n\n\n<li style=\"font-size:16px\">Para los aspirantes que concluyeron sus estudios de licenciatura en el per\u00edodo escolar 2025\u20112026, podr\u00e1n presentar su certi\ufb01cado de terminaci\u00f3n de estudios y constancia de t\u00edtulo en tr\u00e1mite expedida por la instituci\u00f3n de procedencia.<\/li>\n\n\n\n<li style=\"font-size:16px\">Ficha de prerregistro.<\/li>\n\n\n\n<li style=\"font-size:16px\">Copia de acta de nacimiento.<\/li>\n\n\n\n<li style=\"font-size:16px\">Copia de la clave \u00fanica de registro de poblaci\u00f3n (CURP).<\/li>\n\n\n\n<li style=\"font-size:16px\">6 Fotograf\u00edas tama\u00f1o infantil en blanco y negro.<\/li>\n\n\n\n<li style=\"font-size:16px\">Comprobante de pago de \ufb01cha expedida por la instituci\u00f3n.<\/li>\n\n\n\n<li style=\"font-size:16px\">Curr\u00edculum Vitae actualizado destacando datos relevantes del aspirante.<\/li>\n\n\n\n<li style=\"font-size:16px\">Carta de exposici\u00f3n de motivos por los cuales desea cursar la maestr\u00eda, argumentando sus inquietudes de profesionalizaci\u00f3n, los problemas docentes a los que se enfrenta en su pr\u00e1ctica y las posibles soluciones. Se considerar\u00e1 la redacci\u00f3n y la ortograf\u00eda. Carta compromiso para cursar todo el programa de la maestr\u00eda y obtener el grado<\/li>\n\n\n\n<li style=\"font-size:16px\">Carta compromiso para cursar todo el programa de la maestr\u00eda y obtener el grado.<\/li>\n<\/ul>\n\n\n\n<p class=\"has-text-color has-link-color wp-elements-fd32a4e54a4521a313d9842c89df74e4\" style=\"color:#06527b\"><strong>PROCESO DE INGRESO<\/strong><\/p>\n\n\n\n<figure class=\"wp-block-table is-style-stripes\" style=\"font-size:16px\"><table class=\"has-black-color has-text-color has-link-color\"><tbody><tr><td><strong>Acciones<\/strong><\/td><td><strong>Fechas<\/strong><\/td><td><strong>Observaciones<\/strong><\/td><\/tr><tr><td>Registro de<br>aspirantes en l\u00ednea<\/td><td>26 al 30 de septiembre de 2025<\/td><td>Registrarse a trav\u00e9s de nuestra p\u00e1gina web: <strong>https:\/\/normaleskildsen.mx<\/strong><br>Para concluir el primer prerregistro en l\u00ednea, el aspirante deber\u00e1 imprimir su ficha en la p\u00e1gina correspondiente.<\/td><\/tr><tr><td>Notificaci\u00f3n de resultados<\/td><td>1 de octubre de 2025<\/td><td>Se notificar\u00e1 a los candidatos la resoluci\u00f3n del Comit\u00e9 de Posgrado.<\/td><\/tr><tr><td>Entrega de documentaci\u00f3n e inscripci\u00f3n de aspirantes seleccionados<\/td><td>2 al 10 de octubre de 2025<\/td><td>Se llevar\u00e1 a cabo en la Escuela Rosario Mar\u00eda Guti\u00e9rrez Eskildsen, en un horario de 09:00 a 13:00 horas, de acuerdo con la fecha asignada en la notificaci\u00f3n de resultados.<\/td><\/tr><\/tbody><\/table><\/figure>\n\n\n\n<p style=\"font-size:16px\">Los aspirantes seleccionados para cursar la Maestr\u00eda deber\u00e1n entregar los siguientes documentos durante el per\u00edodo de inscripci\u00f3n del 26 al 30 de septiembre de 2025, en un horario de 9\ua78900 a 13\ua78900 horas en la Escuela Rosario Mar\u00eda Guti\u00e9rrez Eskildsen y cubrir el pago correspondiente de la \ufb01cha con un costo de $1,800.00 (Mil ochocientos pesos 00\/100 MN).<\/p>\n\n\n\n<ul class=\"wp-block-list\">\n<li style=\"font-size:16px\">Pago de colegiatura mensual\ua789 $1,750.00 (Mil setecientos cincuenta pesos 00\/100 M.N.).<\/li>\n\n\n\n<li style=\"font-size:16px\">Pago de inscripci\u00f3n semestral\ua789 $1, 000.00 (Mil pesos 00\/100 M.N.).<\/li>\n\n\n\n<li style=\"font-size:16px\">Cursar y acreditar el curso proped\u00e9utico que ofrece la Escuela Rosario Mar\u00eda Guti\u00e9rrez Eskildsen, bajo los criterios que se estipulen al respecto en la modalidad virtual.<\/li>\n<\/ul>\n\n\n\n<p style=\"font-size:16px\">Los requisitos establecidos no est\u00e1n sujetos a negociaci\u00f3n, por lo que los aspirantes deber\u00e1n cumplirlos en su totalidad, o de lo contrario, <strong>perder\u00e1n su derecho a la inscripci\u00f3n.<\/strong><\/p>\n\n\n\n<p style=\"font-size:16px\"><strong>Protecci\u00f3n de datos personales. <\/strong>Los datos personales recabados ser\u00e1n protegidos conforme a lo dispuesto por los art\u00edculos 1, 2, del 6 al 12, 15, 16, 19, 20, 25, del 37 al 41, de la Ley General de Protecci\u00f3n de Datos Personales en posesi\u00f3n de sujetos obligados; y ser\u00e1n utilizados exclusivamente para los \ufb01nes relacionados con el proceso de admisi\u00f3n, seguimiento y administraci\u00f3n de la Maestr\u00eda en Educaci\u00f3n B\u00e1sica con \u00c9nfasis en Temas Emergentes.<\/p>\n\n\n\n<p class=\"has-text-color has-link-color wp-elements-dabc7c9f8e452f8be64e4e2a2e6a41aa\" style=\"color:#06527b\"><strong>CUPO<\/strong><\/p>\n\n\n\n<p style=\"font-size:16px\">Dos grupos de m\u00e1ximo 30 estudiantes cada uno.<strong><br><\/strong><\/p>\n\n\n\n<p class=\"has-text-color has-link-color wp-elements-c0c0fb946498aba3fcad4e34e21ab751\" style=\"color:#06527b\"><strong>COSTOS<\/strong><\/p>\n\n\n\n<figure class=\"wp-block-table is-style-stripes\" style=\"font-size:16px\"><table><tbody><tr><td><strong>Concepto<\/strong><\/td><td><strong>Costos<\/strong><\/td><\/tr><tr><td>Pago de ficha del proceso de selecci\u00f3n<\/td><td>$1,800.00&nbsp;(Mil ochocientos pesos 00\/100 MN)<\/td><\/tr><tr><td>Inscripci\u00f3n (pago \u00fanico semestral)<\/td><td>$1,000.00 (Mil pesos 00\/100 MN)<\/td><\/tr><tr><td>Colegiatura mensual<\/td><td>$1,750.00 (Mil setecientos cincuenta pesos 00\/100 M.N.)<\/td><\/tr><\/tbody><\/table><\/figure>\n\n\n\n<p class=\"has-text-color has-link-color wp-elements-2b38f653f7bc83cf746635a8cebe5845\" style=\"color:#06527b\"><strong>INICIO DE CURSO<\/strong><\/p>\n\n\n\n<p style=\"font-size:16px\">Las clases del primer semestre iniciar\u00e1n con la tutor\u00eda en l\u00ednea el 17 de octubre de las 18:00 a las 21:00 horas.<\/p>\n\n\n\n<p class=\"has-text-color has-link-color wp-elements-b4754a52e6f782dff4ed0ba8857f90b3\" style=\"color:#06527b\"><strong>FECHAS IMPORTANTES<\/strong><\/p>\n\n\n\n<figure class=\"wp-block-table is-style-stripes\" style=\"font-size:16px\"><table><tbody><tr><td><strong>Suceso<\/strong><\/td><td><strong>Fechas<\/strong><\/td><\/tr><tr><td>Inicio del proceso de admisi\u00f3n<\/td><td>26 de septiembre de 2025<\/td><\/tr><tr><td>Publicaci\u00f3n de resultados<\/td><td>01 de octubre de 2025<\/td><\/tr><tr><td>Periodo de entrega de documentaci\u00f3n e inscripci\u00f3n de aspirantes seleccionados<\/td><td>02 al 10 de octubre de 2025<\/td><\/tr><tr><td>Curso proped\u00e9utico<\/td><td>06 al 10 de octubre de 2025<\/td><\/tr><tr><td>Inicio de clases<\/td><td>17 de octubre de 2025<\/td><\/tr><\/tbody><\/table><\/figure>\n\n\n\n<p class=\"has-text-color has-link-color wp-elements-81de1caaec69f5362306e4ff86bb8479\" style=\"color:#06527b\"><strong>TRANSITORIOS<\/strong><\/p>\n\n\n\n<p style=\"font-size:16px\">La presente convocatoria entra en vigor a partir de su publicaci\u00f3n y ser\u00e1 aplicable \u00fanicamente para el ciclo escolar 2025\u20132026. La informaci\u00f3n contenida podr\u00e1 estar sujeta a cambios de acuerdo con las disposiciones que emitan las autoridades educativas competentes.<\/p>\n\n\n\n<p class=\"has-text-color has-link-color wp-elements-33b796fb373fe79443c2506a013d5eb9\" style=\"color:#06527b\"><strong>MAYORES INFORMES<\/strong><\/p>\n\n\n\n<p style=\"font-size:16px\">Para m\u00e1s informaci\u00f3n: <a href=\"mailto:posgradoenep@normaleskildsen.mx\">posgradoenep@normaleskildsen.mx<\/a> | Whatsapp <a href=\"https:\/\/api.whatsapp.com\/send?phone=524463837417\">(446) 383 7417<\/a><\/p>\n","protected":false},"excerpt":{"rendered":"<p>PROCESO DE SELECCI\u00d3N Podr\u00e1n participar todas aquellas personas que cuenten con t\u00edtulo de nivel licenciatura en el \u00e1rea de educaci\u00f3n o a\ufb01nes a la misma. Son considerados quienes, adem\u00e1s de la licenciatura, cuenten con alguna especializaci\u00f3n af\u00edn a los temas educativos. Pueden tener experiencia en el campo laboral de educaci\u00f3n&hellip; <\/p>\n","protected":false},"author":1,"featured_media":0,"parent":0,"menu_order":0,"comment_status":"closed","ping_status":"closed","template":"","meta":{"_eb_attr":"","footnotes":""},"class_list":["post-45","page","type-page","status-publish","hentry"],"_links":{"self":[{"href":"https:\/\/normaleskildsen.mx\/posgradoenep\/wp-json\/wp\/v2\/pages\/45","targetHints":{"allow":["GET"]}}],"collection":[{"href":"https:\/\/normaleskildsen.mx\/posgradoenep\/wp-json\/wp\/v2\/pages"}],"about":[{"href":"https:\/\/normaleskildsen.mx\/posgradoenep\/wp-json\/wp\/v2\/types\/page"}],"author":[{"embeddable":true,"href":"https:\/\/normaleskildsen.mx\/posgradoenep\/wp-json\/wp\/v2\/users\/1"}],"replies":[{"embeddable":true,"href":"https:\/\/normaleskildsen.mx\/posgradoenep\/wp-json\/wp\/v2\/comments?post=45"}],"version-history":[{"count":53,"href":"https:\/\/normaleskildsen.mx\/posgradoenep\/wp-json\/wp\/v2\/pages\/45\/revisions"}],"predecessor-version":[{"id":259,"href":"https:\/\/normaleskildsen.mx\/posgradoenep\/wp-json\/wp\/v2\/pages\/45\/revisions\/259"}],"wp:attachment":[{"href":"https:\/\/normaleskildsen.mx\/posgradoenep\/wp-json\/wp\/v2\/media?parent=45"}],"curies":[{"name":"wp","href":"https:\/\/api.w.org\/{rel}","templated":true}]}}