{"id":905,"date":"2025-03-30T23:42:23","date_gmt":"2025-03-30T23:42:23","guid":{"rendered":"https:\/\/normaleskildsen.mx\/eduprimaria\/?page_id=905"},"modified":"2025-04-20T17:09:20","modified_gmt":"2025-04-20T17:09:20","slug":"programa-de-la-maestria","status":"publish","type":"page","link":"https:\/\/normaleskildsen.mx\/eduprimaria\/programa-de-la-maestria\/","title":{"rendered":"Programa de posgrado"},"content":{"rendered":"\n<div style=\"text-align: justify;\">\n\n\n\n<div class=\"wp-block-group has-background has-tiny-font-size is-layout-constrained wp-container-core-group-is-layout-d9fda912 wp-block-group-is-layout-constrained\" style=\"background-color:#f8faff;min-height:0px;margin-top:0;margin-bottom:0;padding-top:5px;padding-bottom:5px\">\n<div class=\"wp-block-columns is-layout-flex wp-container-core-columns-is-layout-28f84493 wp-block-columns-is-layout-flex\">\n<div class=\"wp-block-column is-layout-flow wp-block-column-is-layout-flow\" style=\"flex-basis:10%\"><\/div>\n\n\n\n<div class=\"wp-block-column is-layout-flow wp-block-column-is-layout-flow\" style=\"flex-basis:80%\">\n<h4 class=\"wp-block-heading has-text-align-center has-sixth-color has-text-color has-link-color wp-elements-820eb533f7295b19c3295d99b075dac4\">Maestr\u00eda en Educaci\u00f3n B\u00e1sica con \u00c9nfasis en Temas Emergentes<\/h4>\n\n\n\n<p class=\"has-tiny-font-size\">La Secretar\u00eda de Educaci\u00f3n en Tabasco (SETAB) a trav\u00e9s de la Subsecretar\u00eda de Educaci\u00f3n Media y Superior, el Departamento de Escuelas Normales y la Escuela Rosario Mar\u00eda Guti\u00e9rrez Eskildsen de la Licenciatura en Educaci\u00f3n Primaria, con fundamento en el art\u00edculo 3\u00b0 de la Constituci\u00f3n Pol\u00edtica de los Estados Unidos Mexicanos; art\u00edculos 25, 47, 48 y 50 de la Ley General de Educaci\u00f3n; art\u00edculos 3, 11 fracci\u00f3n IV, 31, 32, 33, 49 y 51 de la Ley General de Educaci\u00f3n Superior y los art\u00edculos 58 fracci\u00f3n III, 74, 78, 79 y 80 de la Ley de Educaci\u00f3n del Estado de Tabasco y los Lineamientos Normativos Aplicables de Control Escolar para la Escuela Rosario Mar\u00eda Guti\u00e9rrez Eskildsen y el Instituto de Educaci\u00f3n Superior del Magisterio del estado de Tabasco que ofrecen estudios de Posgrado, convocan a todas aquellas personas que cuenten con t\u00edtulo de nivel Licenciatura en el \u00e1rea de educaci\u00f3n o afines a la misma, especializaci\u00f3n y experiencia en el campo laboral de educaci\u00f3n b\u00e1sica o en el campo laboral de la educaci\u00f3n en general a cursar la Maestr\u00eda en Educaci\u00f3n B\u00e1sica con \u00c9nfasis en Temas Emergentes.<\/p>\n\n\n\n<p><\/p>\n<\/div>\n\n\n\n<div class=\"wp-block-column is-layout-flow wp-block-column-is-layout-flow\" style=\"flex-basis:10%\"><\/div>\n<\/div>\n<\/div>\n\n\n\n<div class=\"wp-block-columns is-layout-flex wp-container-core-columns-is-layout-28f84493 wp-block-columns-is-layout-flex\">\n<div class=\"wp-block-column is-layout-flow wp-block-column-is-layout-flow\" style=\"flex-basis:10%\"><\/div>\n\n\n\n<div class=\"wp-block-column is-layout-flow wp-block-column-is-layout-flow\" style=\"flex-basis:80%\">\n<style>\n  .acordeon {\n    width: 100%;\n    max-width: 800px;\n    margin: 1rem auto;\n    border: 1px solid #ccc;\n    border-radius: 8px;\n  }\n\n  .acordeon input {\n    display: none;\n  }\n\n  .acordeon label {\n    display: block;\n    padding: 1rem;\n    background: #f0f0f0;\n    cursor: pointer;\n    font-weight: bold;\n    transition: background 0.3s;\n    border-bottom: 1px solid #ccc;\n  }\n\n  .acordeon label:hover {\n    background: #e0e0e0;\n  }\n\n  .contenido {\n    display: none;\n    padding: 1rem;\n    background: #fff;\n  }\n\n  input:checked ~ .contenido {\n    display: block;\n  }\n\n  \/* Parche para WordPress: evita scroll interno *\/\n  .wp-block-html {\n    overflow: visible !important;\n    max-height: none !important;\n    height: auto !important;\n  }\n<\/style>\n\n<!-- Grupo de acordeones con radio buttons (solo uno abierto a la vez) -->\n<div class=\"acordeon\">\n  <input type=\"radio\" name=\"grupo-acordeon\" id=\"bloque1\">\n  <label for=\"bloque1\">1. Generalidades<\/label>\n  <div class=\"contenido\">\n    <ul>\n      <li>La duraci\u00f3n del programa de maestr\u00eda es de <strong>Cuatro semestres<\/strong><\/li>\n      <li>La modalidad en la que se desarrolla es Mixta, tanto <strong>presencial como virtual<\/strong><\/li>\n      <li>La orientaci\u00f3n del programa es <strong>profesionalizante<\/strong><\/li>\n      <li>La sede es en las instalaciones de la Escuela Rosario Mar\u00eda Guti\u00e9rrez Eskildsen, Licenciatura en Educaci\u00f3n Primaria<\/li>\n    <\/ul>\n  <\/div>\n<\/div>\n\n<div class=\"acordeon\">\n  <input type=\"radio\" name=\"grupo-acordeon\" id=\"bloque2\">\n  <label for=\"bloque2\">2. Prop\u00f3sito<\/label>\n  <div class=\"contenido\">\n    <p>Formar profesionales en temas emergentes para crear, dise\u00f1ar, aplicar, desarrollar y evaluar proyectos de intervenci\u00f3n o investigaci\u00f3n en el campo de la educaci\u00f3n b\u00e1sica, fundamentado en una cultura de paz o implementando pedagog\u00edas activas en la comunidad territorio.<\/p>\n  <\/div>\n<\/div>\n\n<div class=\"acordeon\">\n  <input type=\"radio\" name=\"grupo-acordeon\" id=\"bloque3\">\n  <label for=\"bloque3\">3. Perfil de ingreso<\/label>\n  <div class=\"contenido\">\n    <p>El perfil de ingreso a la Maestr\u00eda en Educaci\u00f3n B\u00e1sica con \u00c9nfasis en Temas Emergentes requiere demostrar las siguientes competencias:<\/p>\n    <ul>\n      <li>El docente en educaci\u00f3n b\u00e1sica requiere estar en servicio y comprobar a trav\u00e9s de una constancia actualizada emitida por su autoridad inmediata.<\/li>\n      <li>Tener sentido de responsabilidad, \u00e9tica, honestidad, respeto por la diversidad cultural, \u00e9tnica y de g\u00e9nero, trabajo colaborativo e iniciativa.<\/li>\n      <li>Argumenta con claridad y congruencia sus ideas para interactuar ling\u00fc\u00edsticamente con los dem\u00e1s.<\/li>           \n      <li>Manejo de la informaci\u00f3n, implica desarrollar habilidades para gestionar informaci\u00f3n, validar informaci\u00f3n y evitar el plagio.<\/li>\n      <li>Habilidades digitales de investigaci\u00f3n, gesti\u00f3n de citas, manejo de redes acad\u00e9micas y repositorios de investigaci\u00f3n, empleo de motores de b\u00fasqueda acad\u00e9micos, bases de datos institucionales de apoyo a la investigaci\u00f3n y uso de plataforma.<\/li>\n      <li>B\u00fasqueda, lectura y comprensi\u00f3n de textos en ingl\u00e9s para generar textos cient\u00edficos y acad\u00e9micos.<\/li>\n    <\/ul>\n  <\/div>\n<\/div>\n\n<div class=\"acordeon\">\n  <input type=\"radio\" name=\"grupo-acordeon\" id=\"bloque4\">\n  <label for=\"bloque4\">4. Perfil de egreso<\/label>\n  <div class=\"contenido\">\n    <p>El egresado de la Maestr\u00eda en Educaci\u00f3n B\u00e1sica con \u00c9nfasis en temas emergentes, al t\u00e9rmino de sus estudios obtendr\u00e1n los siguientes dominios:<\/p>\n    <ul>\n      <li>Desarrolla proyectos de intervenci\u00f3n educativa tomando en cuenta la comunidad-territorio para afrontar las diversas problem\u00e1ticas que se presentan en las escuelas de educaci\u00f3n b\u00e1sica y utiliza herramientas tecnol\u00f3gicas, as\u00ed como de investigaci\u00f3n cient\u00edfica que transforma la realidad en la que se encuentra.<\/li>\n      <li>Realiza codise\u00f1os basados en los programas sint\u00e9ticos integrando los tres planos para la implementaci\u00f3n del plan did\u00e1ctico en un enfoque de inclusi\u00f3n e interculturalidad.<\/li>\n      <li>Comprende las diferencias individuales bajo un enfoque de respeto a la diversidad en el an\u00e1lisis de las problem\u00e1ticas para el desarrollo del diagn\u00f3stico sociocultural de las escuelas de educaci\u00f3n b\u00e1sica.<\/li>\n      <li>Domina los aspectos centrales del curriculum vigente empleando pedagog\u00edas activas en el programa sint\u00e9tico de cada fase de educaci\u00f3n b\u00e1sica.<\/li>\n      <li>Reflexiona sobre los campos formativos y la importancia de emplear estrategias diferenciadas en el desarrollo del codise\u00f1o del plan anal\u00edtico en las fases respectivas de los participantes en educaci\u00f3n b\u00e1sica.<\/li>\n      <li>Realiza evaluaciones diagn\u00f3sticas para dise\u00f1ar una estrategia de evaluaci\u00f3n formativa incorporando instrumentos de evaluaci\u00f3n que permitan la mejora continua como proceso de mejora en la construcci\u00f3n de los aprendizajes colectivos.<\/li>\n      <li>Utiliza m\u00e9todos colaborativos y de innovaci\u00f3n aplicando metodolog\u00edas activas acorde al contexto en ambientes inclusivos e interculturales, para procurar la cultura de la paz.<\/li>\n      <li>Utiliza el ingl\u00e9s para la comprensi\u00f3n de textos y elaboraci\u00f3n de productos escritos.<\/li>\n    <\/ul> \n  <\/div>\n<\/div>\n\n<div class=\"acordeon\">\n  <input type=\"radio\" name=\"grupo-acordeon\" id=\"bloque5\">\n  <label for=\"bloque5\">5. L\u00edneas de generaci\u00f3n de conocimiento<\/label>\n  <div class=\"contenido\">\n    <p>Cultura de Paz<\/p> \n    <ul>\n      <li>Esta l\u00ednea de investigaci\u00f3n se centra en el an\u00e1lisis y reflexi\u00f3n de las problem\u00e1ticas y conflictos que se presentan en la escuela, el aula y los estudiantes desde una perspectiva de derechos humanos, se proponen asignaturas orientadas a desarrollar habilidades de resoluci\u00f3n de conflictos, mediaci\u00f3n, educaci\u00f3n para la paz con miras a promover e instaurar en el contexto del participante una cultura de paz mediante proyectos de intervenci\u00f3n.<\/li>\n    <\/ul>  \n    <p>Pedagog\u00edas activas<\/p>\n      <ul>\n      <li>La l\u00ednea de investigaci\u00f3n implica utilizar m\u00e9todos, t\u00e9cnicas y estrategias que fomenten la participaci\u00f3n del estudiante y de los miembros de la comunidad escolar. Implica modificar continuamente la planificaci\u00f3n tomando en cuenta la comunidad-territorio, realizar el codise\u00f1o tomando en cuenta las ABP del contexto \u00e1ulico, desarrollar actividades formativas y la evaluaci\u00f3n de los aprendizajes. Las intervenciones educativas incorporan pedagog\u00edas activas basadas en pr\u00e1cticas DUA, metodolog\u00eda diversificada, multigrado y basada en contextos-territorios.<\/li>\n    <\/ul>   \n  <\/div>\n<\/div>\n<\/div>\n\n\n\n<div class=\"wp-block-column is-layout-flow wp-block-column-is-layout-flow\" style=\"flex-basis:10%\"><\/div>\n<\/div>\n\n\n\n<div class=\"wp-block-columns has-background is-layout-flex wp-container-core-columns-is-layout-e05d3243 wp-block-columns-is-layout-flex\" style=\"background-color:#152b5a;padding-top:0px;padding-right:0px;padding-bottom:0px;padding-left:0px\">\n<div class=\"wp-block-column is-vertically-aligned-top has-travey-primary-background-color has-background is-layout-flow wp-container-core-column-is-layout-940c1330 wp-block-column-is-layout-flow\" style=\"padding-top:26px;padding-bottom:26px\">\n<div class=\"wp-block-group is-layout-constrained wp-container-core-group-is-layout-29f0deca wp-block-group-is-layout-constrained\" style=\"padding-right:0px\">\n<h2 class=\"wp-block-heading has-text-align-center travey-animate travey-move-right travey-delay-1 has-ninth-color has-text-color\" style=\"margin-bottom:20px;font-size:32px;font-style:normal;font-weight:600\">Registro de Aspirantes<\/h2>\n\n\n\n<p class=\"has-text-align-center travey-animate travey-move-right travey-delay-3 has-ninth-color has-text-color has-tiny-font-size\" style=\"font-style:normal;font-weight:300;line-height:1.5\">Te invitamos a registrarte en nuestro <strong>M\u00f3dulo de aspirantes<\/strong>, donde podr\u00e1s iniciar el proceso de ingreso, conocer los requisitos y recibir acompa\u00f1amiento personalizado.<br><\/p>\n\n\n\n<div class=\"wp-block-buttons alignwide travey-animate travey-move-right travey-delay-5 is-content-justification-center is-layout-flex wp-container-core-buttons-is-layout-c7f24753 wp-block-buttons-is-layout-flex\" style=\"margin-top:20px\">\n<div class=\"wp-block-button is-style-custombuttonfour\"><a class=\"wp-block-button__link has-custom-font-size wp-element-button\" href=\"https:\/\/normaleskildsen.mx\/mebete\/preregistro\" style=\"border-radius:30px;padding-top:18px;padding-right:32px;padding-bottom:18px;padding-left:32px;font-size:14px\">REG\u00cdSTRATE<\/a><\/div>\n<\/div>\n<\/div>\n<\/div>\n<\/div>\n\n\n\n<div class=\"wp-block-columns is-layout-flex wp-container-core-columns-is-layout-28f84493 wp-block-columns-is-layout-flex\">\n<div class=\"wp-block-column is-layout-flow wp-block-column-is-layout-flow\" style=\"flex-basis:10%\"><\/div>\n\n\n\n<div class=\"wp-block-column is-layout-flow wp-block-column-is-layout-flow\" style=\"flex-basis:80%\">\n<div class=\"wp-block-group alignfull has-text-color has-background is-layout-flow wp-block-group-is-layout-flow\" style=\"color:#000000;background-color:#ffffff\">\n<p class=\"has-text-align-center has-small-font-size\" style=\"line-height:.9\"><strong>Si requieres m\u00e1s informaci\u00f3n<\/strong><\/p>\n\n\n\n<div class=\"wp-block-buttons is-horizontal is-content-justification-center is-layout-flex wp-container-core-buttons-is-layout-03627597 wp-block-buttons-is-layout-flex\">\n<div class=\"wp-block-button has-custom-width wp-block-button__width-50 is-style-custombuttonthree\"><a class=\"wp-block-button__link has-sixth-background-color has-text-color has-background wp-element-button\" href=\"https:\/\/api.whatsapp.com\/send?phone=524463837417\" style=\"border-radius:50px;color:#ffffff\"><strong>cont\u00e1ctanos<\/strong><\/a><\/div>\n<\/div>\n\n\n\n<div style=\"height:64px\" aria-hidden=\"true\" class=\"wp-block-spacer\"><\/div>\n<\/div>\n<\/div>\n\n\n\n<div class=\"wp-block-column is-layout-flow wp-block-column-is-layout-flow\" style=\"flex-basis:10%\"><\/div>\n<\/div>\n\n\n\n<p><\/p>\n","protected":false},"excerpt":{"rendered":"<p>Maestr\u00eda en Educaci\u00f3n B\u00e1sica con \u00c9nfasis en Temas Emergentes La Secretar\u00eda de Educaci\u00f3n en Tabasco (SETAB) a trav\u00e9s de la Subsecretar\u00eda de Educaci\u00f3n Media y Superior, el Departamento de Escuelas Normales y la Escuela Rosario Mar\u00eda Guti\u00e9rrez Eskildsen de la Licenciatura en Educaci\u00f3n Primaria, con fundamento en el art\u00edculo 3\u00b0 de la Constituci\u00f3n Pol\u00edtica de los Estados Unidos Mexicanos; art\u00edculos 25, 47, 48 y 50 de la Ley General de Educaci\u00f3n; art\u00edculos 3, 11 fracci\u00f3n IV, 31, 32, 33, 49 y 51 de la Ley General de Educaci\u00f3n Superior y los art\u00edculos 58 fracci\u00f3n III, 74, 78, 79 y 80<\/p>\n","protected":false},"author":1,"featured_media":0,"parent":0,"menu_order":0,"comment_status":"closed","ping_status":"closed","template":"","meta":{"_eb_attr":"","h5ap_radio_sources":[],"footnotes":""},"class_list":["post-905","page","type-page","status-publish","hentry"],"_links":{"self":[{"href":"https:\/\/normaleskildsen.mx\/eduprimaria\/wp-json\/wp\/v2\/pages\/905","targetHints":{"allow":["GET"]}}],"collection":[{"href":"https:\/\/normaleskildsen.mx\/eduprimaria\/wp-json\/wp\/v2\/pages"}],"about":[{"href":"https:\/\/normaleskildsen.mx\/eduprimaria\/wp-json\/wp\/v2\/types\/page"}],"author":[{"embeddable":true,"href":"https:\/\/normaleskildsen.mx\/eduprimaria\/wp-json\/wp\/v2\/users\/1"}],"replies":[{"embeddable":true,"href":"https:\/\/normaleskildsen.mx\/eduprimaria\/wp-json\/wp\/v2\/comments?post=905"}],"version-history":[{"count":12,"href":"https:\/\/normaleskildsen.mx\/eduprimaria\/wp-json\/wp\/v2\/pages\/905\/revisions"}],"predecessor-version":[{"id":1366,"href":"https:\/\/normaleskildsen.mx\/eduprimaria\/wp-json\/wp\/v2\/pages\/905\/revisions\/1366"}],"wp:attachment":[{"href":"https:\/\/normaleskildsen.mx\/eduprimaria\/wp-json\/wp\/v2\/media?parent=905"}],"curies":[{"name":"wp","href":"https:\/\/api.w.org\/{rel}","templated":true}]}}