{"id":882,"date":"2025-03-31T04:44:31","date_gmt":"2025-03-31T04:44:31","guid":{"rendered":"https:\/\/normaleskildsen.mx\/eduprimaria\/?page_id=882"},"modified":"2026-05-03T14:20:38","modified_gmt":"2026-05-03T14:20:38","slug":"archivo-historico","status":"publish","type":"page","link":"https:\/\/normaleskildsen.mx\/eduprimaria\/archivo-historico\/","title":{"rendered":"Archivo Hist\u00f3rico"},"content":{"rendered":"\n<div style=\"text-align: justify;\">\n\n\n\n<div class=\"wp-block-columns is-layout-flex wp-container-core-columns-is-layout-28f84493 wp-block-columns-is-layout-flex\">\n<div class=\"wp-block-column is-layout-flow wp-block-column-is-layout-flow\" style=\"flex-basis:25%\"><\/div>\n\n\n\n<div class=\"wp-block-column is-layout-flow wp-block-column-is-layout-flow\" style=\"flex-basis:50%\">\n<h2 class=\"wp-block-heading has-text-align-center has-sixth-color has-text-color has-link-color wp-elements-0b328f2f300e8f20ee026495442ae0fb\">\u00a1Bienvenidos!<\/h2>\n<\/div>\n\n\n\n<div class=\"wp-block-column is-layout-flow wp-block-column-is-layout-flow\" style=\"flex-basis:25%\"><\/div>\n<\/div>\n\n\n\n<div class=\"wp-block-columns is-layout-flex wp-container-core-columns-is-layout-28f84493 wp-block-columns-is-layout-flex\">\n<div class=\"wp-block-column is-layout-flow wp-block-column-is-layout-flow\" style=\"flex-basis:25%\"><\/div>\n\n\n\n<div class=\"wp-block-column is-layout-flow wp-block-column-is-layout-flow\" style=\"flex-basis:50%\">\n<style>\n  .video-card {\n    max-width: 600px;\n    margin: 40px auto;\n    border-radius: 20px;\n    overflow: hidden;\n    box-shadow: 0 10px 30px rgba(0, 0, 0, 0.2);\n    font-family: 'Segoe UI', sans-serif;\n    transition: transform 0.3s ease, box-shadow 0.3s ease;\n  }\n\n  .video-card:hover {\n    transform: translateY(-8px);\n    box-shadow: 0 15px 40px rgba(0, 0, 0, 0.3);\n  }\n\n  .video-container {\n    position: relative;\n    padding-bottom: 56.25%;\n    height: 0;\n  }\n\n  .video-container iframe {\n    position: absolute;\n    top: 0;\n    left: 0;\n    width: 100%;\n    height: 100%;\n    border: none;\n  }\n\n  .video-description {\n    background: linear-gradient(135deg, #005aa7, #fffde4);\n    padding: 25px;\n    color: #002244;\n  }\n\n  .video-description h2 {\n    margin-top: 0;\n    font-size: 1.8em;\n    color: #003366;\n    border-left: 6px solid gold;\n    padding-left: 10px;\n  }\n\n  .video-description p {\n    font-size: 1.05em;\n    line-height: 1.6;\n    margin: 10px 0 0 0;\n  }\n<\/style>\n\n<div class=\"video-card\">\n  <div class=\"video-container\">\n    <iframe \n      src=\"https:\/\/normaleskildsen.mx\/eduprimaria\/wp-content\/uploads\/2025\/03\/Rosario-Maria-Gutierrez-Eskildsen-1.mp4\" \n      title=\"Archivo Hist\u00f3rico\" \n      allowfullscreen>\n    <\/iframe>\n  <\/div>\n  <div class=\"video-description\">\n    <h2>Legado hist\u00f3rico<\/h2>\n    <p>Explora el pasado con una mirada a trav\u00e9s de nuestro archivo hist\u00f3rico.<\/p>\n  <\/div>\n<\/div>\n<\/div>\n\n\n\n<div class=\"wp-block-column is-layout-flow wp-block-column-is-layout-flow\" style=\"flex-basis:25%\"><\/div>\n<\/div>\n\n\n\n<div class=\"wp-block-columns is-layout-flex wp-container-core-columns-is-layout-28f84493 wp-block-columns-is-layout-flex\">\n<div class=\"wp-block-column is-layout-flow wp-block-column-is-layout-flow\" style=\"flex-basis:10%\"><\/div>\n\n\n\n<div class=\"wp-block-column is-layout-flow wp-block-column-is-layout-flow\" style=\"flex-basis:80%\">\n<div class=\"wp-block-group alignfull has-text-color has-background is-layout-flow wp-block-group-is-layout-flow\" style=\"color:#000000;background-color:#ffffff\">\n<div class=\"wp-block-buttons is-horizontal is-content-justification-center is-layout-flex wp-container-core-buttons-is-layout-03627597 wp-block-buttons-is-layout-flex\">\n<div class=\"wp-block-button has-custom-width wp-block-button__width-50 is-style-custombuttonthree\"><a class=\"wp-block-button__link has-sixth-background-color has-text-color has-background wp-element-button\" style=\"border-radius:50px;color:#ffffff\">Acerca del archivo hist\u00f3rico<\/a><\/div>\n<\/div>\n<\/div>\n<\/div>\n\n\n\n<div class=\"wp-block-column is-layout-flow wp-block-column-is-layout-flow\" style=\"flex-basis:10%\"><\/div>\n<\/div>\n\n\n\n<div class=\"wp-block-columns is-layout-flex wp-container-core-columns-is-layout-28f84493 wp-block-columns-is-layout-flex\">\n<div class=\"wp-block-column is-layout-flow wp-block-column-is-layout-flow\" style=\"flex-basis:10%\"><\/div>\n\n\n\n<div class=\"wp-block-column is-layout-flow wp-block-column-is-layout-flow\" style=\"flex-basis:80%\">\n<p class=\"has-tiny-font-size\">La Escuela Rosario Mar\u00eda Guti\u00e9rrez Eskildsen, es una Instituci\u00f3n educativa cuya tarea fundamental es formar a los docentes en el nivel inicial conforme a los principios y prop\u00f3sitos establecidos en los planes y programas de estudios de la Nueva Escuela Mexicana.<br><br>La identidad que caracteriza a esta instituci\u00f3n educativa est\u00e1 centrada en su sentido humanista en la formaci\u00f3n integral de los estudiantes mediante un Programa Educativo incluyente, equitativo, pluricultural y biling\u00fce, que le permita enfrentar los desaf\u00edos y retos educativos actuales, este progama es la Licenciatura en Educaci\u00f3n Primaria. Para fortalecer esta identidad, es necesario a trav\u00e9s de la investigaci\u00f3n, rescatar su &nbsp;historia como ingrediente esencial de todo su quehacer pedag\u00f3gico, pol\u00edtica educativa y su funci\u00f3n social a lo largo de los a\u00f1os.<\/p>\n\n\n\n<p class=\"has-tiny-font-size\">En este sentido, con la investigaci\u00f3n historiogr\u00e1fica se trata de hacer un recorrido de su legado hist\u00f3rico con el uso de una l\u00ednea del tiempo como estrategia que permita rescatar los hechos relevantes del pasado y del presente en la conformaci\u00f3n de esta instituci\u00f3n educativa que hoy conocemos.<br><br>Por otro lado, la historia como disciplina cient\u00edfica tiene la elevada misi\u00f3n de estudiar el desarrollo de la vida de la humanidad, as\u00ed como sus instituciones tomando como premisas dos coordenadas en que se tejen los hechos: el tiempo y el espacio, sus diferencias y semejanzas, sus contradicciones y cambios, sus avances y retrocesos, sus rupturas y estadios evolutivos. Por lo tanto, el recorrido que aqu\u00ed se hace con respecto a la historia de esta instituci\u00f3n es para develar su esencia, su g\u00e9nesis y su desarrollo a trav\u00e9s del tiempo. &nbsp;<\/p>\n\n\n\n<p class=\"has-tiny-font-size\">Para lograr lo anterior, se ha definido una l\u00ednea de investigaci\u00f3n que permite comprender&nbsp;la memoria hist\u00f3rica de la escuela, para materializar y consolidar este proyecto se ha creado un Archivo Hist\u00f3rico y Fotogr\u00e1fico que tiene como objetivo: Rescatar, custodiar, conservar y divulgar las evidencias documentales y orales &nbsp;de los diferentes estadios del quehacer pedag\u00f3gico en la formaci\u00f3n de docentes en educaci\u00f3n primaria en Tabasco, desde la fundaci\u00f3n del primer Colegio de Ense\u00f1anza Primaria y Superior Normal para Profesoras de Instrucci\u00f3n Elemental y Superior, hasta el plan de estudio vigente puesto en marcha en el a\u00f1o &nbsp;2022, el cual retoma la filosof\u00eda humanista &nbsp;de la Nueva Escuela Mexicana en la formaci\u00f3n docente.<\/p>\n<\/div>\n\n\n\n<div class=\"wp-block-column is-layout-flow wp-block-column-is-layout-flow\" style=\"flex-basis:10%\"><\/div>\n<\/div>\n\n\n\n<div class=\"wp-block-columns is-layout-flex wp-container-core-columns-is-layout-28f84493 wp-block-columns-is-layout-flex\">\n<div class=\"wp-block-column is-layout-flow wp-block-column-is-layout-flow\" style=\"flex-basis:10%\"><\/div>\n\n\n\n<div class=\"wp-block-column is-layout-flow wp-block-column-is-layout-flow\" style=\"flex-basis:80%\">\n<div class=\"wp-block-group alignfull has-text-color has-background is-layout-flow wp-block-group-is-layout-flow\" style=\"color:#000000;background-color:#ffffff\">\n<div class=\"wp-block-buttons is-horizontal is-content-justification-center is-layout-flex wp-container-core-buttons-is-layout-03627597 wp-block-buttons-is-layout-flex\">\n<div class=\"wp-block-button has-custom-width wp-block-button__width-50 is-style-custombuttonthree\"><a class=\"wp-block-button__link has-sixth-background-color has-text-color has-background wp-element-button\" style=\"border-radius:50px;color:#ffffff\">Periodos hist\u00f3ricos<\/a><\/div>\n<\/div>\n<\/div>\n<\/div>\n\n\n\n<div class=\"wp-block-column is-layout-flow wp-block-column-is-layout-flow\" style=\"flex-basis:10%\"><\/div>\n<\/div>\n\n\n\n<div class=\"wp-block-group has-background is-layout-constrained wp-container-core-group-is-layout-5294187a wp-block-group-is-layout-constrained\" style=\"background-color:#f8faff;padding-top:8px;padding-bottom:8px\">\n<p class=\"has-text-align-center has-tiny-font-size\"><strong>Te invitamos a explorar nuestra l\u00ednea de tiempo dividida en tres periodos hist\u00f3ricos.<\/strong><br>En cada secci\u00f3n encontrar\u00e1s momentos clave que marcaron el origen, desarrollo y transformaci\u00f3n de la Escuela Rosario Mar\u00eda Guti\u00e9rrez Eskildsen, Licenciatura en Educaci\u00f3n Primaria.<\/p>\n\n\n\n<p class=\"has-text-align-center has-tiny-font-size\"><strong>\u00a1Explora, conoce y valora el legado que nos impulsa hacia el futuro!<\/strong><\/p>\n\n\n\n<div class=\"wp-block-group is-layout-flow wp-container-core-group-is-layout-47e5a185 wp-block-group-is-layout-flow\">\n<div class=\"wp-block-columns is-layout-flex wp-container-core-columns-is-layout-d2ca7aa4 wp-block-columns-is-layout-flex\">\n<div class=\"wp-block-column is-vertically-aligned-center travey-animate travey-move-up travey-delay-1 is-layout-flow wp-block-column-is-layout-flow\" style=\"padding-right:15px\">\n<div class=\"wp-block-group is-style-customboxshadow has-ninth-background-color has-background is-layout-flow wp-container-core-group-is-layout-bea8610e wp-block-group-is-layout-flow\" style=\"border-radius:10px;padding-top:40px;padding-right:40px;padding-bottom:40px;padding-left:40px\">\n<div class=\"wp-block-columns is-layout-flex wp-container-core-columns-is-layout-28f84493 wp-block-columns-is-layout-flex\">\n<div class=\"wp-block-column is-layout-flow wp-block-column-is-layout-flow\"><\/div>\n<\/div>\n\n\n\n<div class=\"wp-block-columns is-layout-flex wp-container-core-columns-is-layout-28f84493 wp-block-columns-is-layout-flex\">\n<div class=\"wp-block-column is-layout-flow wp-block-column-is-layout-flow\">\n<p class=\"has-text-align-center has-text-color has-link-color has-small-font-size wp-elements-5190a1acf2bfe2f86f8546bdd026cf6b\" style=\"color:#1c4083\"><strong><a href=\"https:\/\/normaleskildsen.mx\/eduprimaria\/primer-periodo\/\">Primer Periodo<\/a><\/strong><\/p>\n<\/div>\n<\/div>\n\n\n\n<div class=\"wp-block-columns is-layout-flex wp-container-core-columns-is-layout-28f84493 wp-block-columns-is-layout-flex\">\n<div class=\"wp-block-column is-layout-flow wp-block-column-is-layout-flow\">\n<p class=\"has-text-align-center\">1893 a1926<\/p>\n<\/div>\n<\/div>\n<\/div>\n<\/div>\n\n\n\n<div class=\"wp-block-column is-vertically-aligned-center travey-animate travey-move-up travey-delay-3 is-layout-flow wp-block-column-is-layout-flow\" style=\"padding-right:15px;padding-left:15px\">\n<div class=\"wp-block-group is-style-customboxshadow has-ninth-background-color has-background is-layout-flow wp-container-core-group-is-layout-705ee822 wp-block-group-is-layout-flow\" style=\"border-radius:10px;padding-top:40px;padding-right:40px;padding-bottom:40px;padding-left:40px\">\n<div class=\"wp-block-columns is-layout-flex wp-container-core-columns-is-layout-28f84493 wp-block-columns-is-layout-flex\">\n<div class=\"wp-block-column is-layout-flow wp-block-column-is-layout-flow\"><\/div>\n<\/div>\n\n\n\n<div class=\"wp-block-columns is-layout-flex wp-container-core-columns-is-layout-28f84493 wp-block-columns-is-layout-flex\">\n<div class=\"wp-block-column is-layout-flow wp-block-column-is-layout-flow\">\n<p class=\"has-text-align-center has-small-font-size\"><strong><strong>Segundo Periodo<\/strong><\/strong><\/p>\n<\/div>\n<\/div>\n\n\n\n<div class=\"wp-block-columns is-layout-flex wp-container-core-columns-is-layout-28f84493 wp-block-columns-is-layout-flex\">\n<div class=\"wp-block-column is-layout-flow wp-block-column-is-layout-flow\">\n<p class=\"has-text-align-center\">1933 a 1973<\/p>\n<\/div>\n<\/div>\n<\/div>\n<\/div>\n\n\n\n<div class=\"wp-block-column is-vertically-aligned-center travey-animate travey-move-up travey-delay-5 is-layout-flow wp-block-column-is-layout-flow\" style=\"padding-left:15px\">\n<div class=\"wp-block-group is-style-customboxshadow has-ninth-background-color has-background is-layout-flow wp-container-core-group-is-layout-705ee822 wp-block-group-is-layout-flow\" style=\"border-radius:10px;padding-top:40px;padding-right:40px;padding-bottom:40px;padding-left:40px\">\n<div class=\"wp-block-columns is-layout-flex wp-container-core-columns-is-layout-28f84493 wp-block-columns-is-layout-flex\">\n<div class=\"wp-block-column is-layout-flow wp-block-column-is-layout-flow\"><\/div>\n<\/div>\n\n\n\n<p class=\"has-text-align-center has-eighth-color has-text-color has-link-color has-small-font-size wp-elements-f59a9a3846da4616d5276ad4ce1619f5\"><strong><strong>Tercer Periodo<\/strong><\/strong><\/p>\n\n\n\n<p class=\"has-text-align-center\">1975 a 2022<\/p>\n<\/div>\n<\/div>\n<\/div>\n\n\n\n<div class=\"wp-block-columns is-layout-flex wp-container-core-columns-is-layout-28f84493 wp-block-columns-is-layout-flex\">\n<div class=\"wp-block-column is-layout-flow wp-block-column-is-layout-flow\">\n<div class=\"wp-block-columns is-layout-flex wp-container-core-columns-is-layout-28f84493 wp-block-columns-is-layout-flex\">\n<div class=\"wp-block-column is-layout-flow wp-block-column-is-layout-flow\">\n<div class=\"wp-block-columns is-layout-flex wp-container-core-columns-is-layout-28f84493 wp-block-columns-is-layout-flex\">\n<div class=\"wp-block-column is-layout-flow wp-block-column-is-layout-flow\"><\/div>\n\n\n\n<div class=\"wp-block-column is-layout-flow wp-block-column-is-layout-flow\"><\/div>\n\n\n\n<div class=\"wp-block-column is-layout-flow wp-block-column-is-layout-flow\"><\/div>\n<\/div>\n<\/div>\n<\/div>\n<\/div>\n<\/div>\n<\/div>\n<\/div>\n\n\n\n<p><\/p>\n","protected":false},"excerpt":{"rendered":"<p>\u00a1Bienvenidos! Legado hist\u00f3rico Explora el pasado con una mirada a trav\u00e9s de nuestro archivo hist\u00f3rico. La Escuela Rosario Mar\u00eda Guti\u00e9rrez Eskildsen, es una Instituci\u00f3n educativa cuya tarea fundamental es formar a los docentes en el nivel inicial conforme a los principios y prop\u00f3sitos establecidos en los planes y programas de estudios de la Nueva Escuela Mexicana. La identidad que caracteriza a esta instituci\u00f3n educativa est\u00e1 centrada en su sentido humanista en la formaci\u00f3n integral de los estudiantes mediante un Programa Educativo incluyente, equitativo, pluricultural y biling\u00fce, que le permita enfrentar los desaf\u00edos y retos educativos actuales, este progama es la<\/p>\n","protected":false},"author":1,"featured_media":0,"parent":0,"menu_order":0,"comment_status":"closed","ping_status":"closed","template":"","meta":{"_eb_attr":"","h5ap_radio_sources":[],"footnotes":""},"class_list":["post-882","page","type-page","status-publish","hentry"],"_links":{"self":[{"href":"https:\/\/normaleskildsen.mx\/eduprimaria\/wp-json\/wp\/v2\/pages\/882","targetHints":{"allow":["GET"]}}],"collection":[{"href":"https:\/\/normaleskildsen.mx\/eduprimaria\/wp-json\/wp\/v2\/pages"}],"about":[{"href":"https:\/\/normaleskildsen.mx\/eduprimaria\/wp-json\/wp\/v2\/types\/page"}],"author":[{"embeddable":true,"href":"https:\/\/normaleskildsen.mx\/eduprimaria\/wp-json\/wp\/v2\/users\/1"}],"replies":[{"embeddable":true,"href":"https:\/\/normaleskildsen.mx\/eduprimaria\/wp-json\/wp\/v2\/comments?post=882"}],"version-history":[{"count":28,"href":"https:\/\/normaleskildsen.mx\/eduprimaria\/wp-json\/wp\/v2\/pages\/882\/revisions"}],"predecessor-version":[{"id":4688,"href":"https:\/\/normaleskildsen.mx\/eduprimaria\/wp-json\/wp\/v2\/pages\/882\/revisions\/4688"}],"wp:attachment":[{"href":"https:\/\/normaleskildsen.mx\/eduprimaria\/wp-json\/wp\/v2\/media?parent=882"}],"curies":[{"name":"wp","href":"https:\/\/api.w.org\/{rel}","templated":true}]}}