{"id":837,"date":"2025-03-30T22:22:49","date_gmt":"2025-03-30T22:22:49","guid":{"rendered":"https:\/\/normaleskildsen.mx\/eduprimaria\/?page_id=837"},"modified":"2025-04-20T20:35:59","modified_gmt":"2025-04-20T20:35:59","slug":"mural-nuestro-derecho-cosmico-a-protestar","status":"publish","type":"page","link":"https:\/\/normaleskildsen.mx\/eduprimaria\/mural-nuestro-derecho-cosmico-a-protestar\/","title":{"rendered":"Mural &#8220;Nuestro derecho c\u00f3smico a protestar&#8221;"},"content":{"rendered":"\n<div class=\"wp-block-columns has-small-font-size is-layout-flex wp-container-core-columns-is-layout-28f84493 wp-block-columns-is-layout-flex\">\n<div class=\"wp-block-column is-layout-flow wp-block-column-is-layout-flow\">\n<div class=\"wp-block-columns is-layout-flex wp-container-core-columns-is-layout-28f84493 wp-block-columns-is-layout-flex\">\n<div class=\"wp-block-column is-layout-flow wp-block-column-is-layout-flow\">\n<div class=\"wp-block-columns is-layout-flex wp-container-core-columns-is-layout-28f84493 wp-block-columns-is-layout-flex\">\n<div class=\"wp-block-column is-layout-flow wp-block-column-is-layout-flow\">\n<p class=\"has-small-font-size\"><\/p>\n\n\n\n<p class=\"has-black-color has-text-color has-link-color wp-elements-54c5131be7c304b0a1e912888cd0543d\" style=\"margin-top:var(--wp--preset--spacing--20);margin-right:var(--wp--preset--spacing--80);margin-bottom:var(--wp--preset--spacing--20);margin-left:var(--wp--preset--spacing--80);font-size:16px\">Nuestros s\u00edmbolos intitucionales nos dan identidad y orgullo, por tanto se dedica este apartado en el cual podr\u00e1n encontrar nuestro invaluable Himno Institucional &#8220;<em>Soy normalista<\/em>&#8220;, nuestro Escudo, nuestros murales &#8220;<em>Nuestro derecho c\u00f3smico a protestar<\/em>&#8220;, &#8220;<em>Ra\u00edces del normalismo<\/em>&#8221; y la historia de nuestra fundadora, Dra. Rosario Mar\u00eda Guti\u00e9rrez Eskildsen.<\/p>\n\n\n\n<div class=\"wp-block-columns is-layout-flex wp-container-core-columns-is-layout-28f84493 wp-block-columns-is-layout-flex\">\n<div class=\"wp-block-column is-layout-flow wp-block-column-is-layout-flow\" style=\"flex-basis:25%\"><\/div>\n\n\n\n<div class=\"wp-block-column is-layout-flow wp-block-column-is-layout-flow\" style=\"flex-basis:50%\"><\/div>\n\n\n\n<div class=\"wp-block-column is-layout-flow wp-block-column-is-layout-flow\" style=\"flex-basis:25%\"><\/div>\n<\/div>\n<\/div>\n<\/div>\n<\/div>\n<\/div>\n<\/div>\n<\/div>\n\n\n\n<div class=\"wp-block-essential-blocks-advanced-tabs alignwide  root-eb-advanced-tabs-73ol9\"><div class=\"eb-parent-wrapper eb-parent-eb-advanced-tabs-73ol9 \"><div class=\"eb-advanced-tabs-73ol9 eb-advanced-tabs-wrapper horizontal\" data-min-height=\"true\"><div class=\"eb-tabs-nav\"><ul class=\"tabTitles\" data-tabs-ul-id=\"eb-advanced-tabs-73ol9\"><li data-title-tab-id=\"4\" class=\"inactive\"><h6 class=\"tab-title-text\">Mural &#8220;Nuestro derecho c\u00f3smico a protestar&#8221;<\/h6><\/li><\/ul><\/div><div class=\"eb-tabs-contents\">\n<div class=\"eb-tab-wrapper\" data-tab-id=\"4\" data-tab-parent-id=\"eb-advanced-tabs-73ol9\"><div class=\"eb-tab-inner\">\n<p class=\"has-text-align-center has-sixth-color has-text-color has-link-color wp-elements-916ce15c0de3b635d4eb0f217f0665fa\"><br><\/p>\n\n\n\n<div class=\"wp-block-columns is-layout-flex wp-container-core-columns-is-layout-28f84493 wp-block-columns-is-layout-flex\">\n<div class=\"wp-block-column is-layout-flow wp-block-column-is-layout-flow\">\n<figure class=\"wp-block-image aligncenter size-large is-resized\"><img decoding=\"async\" width=\"1024\" height=\"320\" src=\"https:\/\/normaleskildsen.mx\/eduprimaria\/wp-content\/uploads\/2025\/03\/MG_9431-copia-1024x320.jpg\" alt=\"\" class=\"wp-image-517\" style=\"width:1134px;height:auto\" srcset=\"https:\/\/normaleskildsen.mx\/eduprimaria\/wp-content\/uploads\/2025\/03\/MG_9431-copia-1024x320.jpg 1024w, https:\/\/normaleskildsen.mx\/eduprimaria\/wp-content\/uploads\/2025\/03\/MG_9431-copia-300x94.jpg 300w, https:\/\/normaleskildsen.mx\/eduprimaria\/wp-content\/uploads\/2025\/03\/MG_9431-copia-768x240.jpg 768w, https:\/\/normaleskildsen.mx\/eduprimaria\/wp-content\/uploads\/2025\/03\/MG_9431-copia-1536x480.jpg 1536w, https:\/\/normaleskildsen.mx\/eduprimaria\/wp-content\/uploads\/2025\/03\/MG_9431-copia-2048x641.jpg 2048w\" sizes=\"(max-width: 1024px) 100vw, 1024px\" \/><\/figure>\n<\/div>\n<\/div>\n\n\n\n<div class=\"wp-block-columns is-layout-flex wp-container-core-columns-is-layout-28f84493 wp-block-columns-is-layout-flex\">\n<div class=\"wp-block-column is-layout-flow wp-block-column-is-layout-flow\" style=\"flex-basis:15%\"><\/div>\n\n\n\n<div class=\"wp-block-column is-layout-flow wp-block-column-is-layout-flow\" style=\"flex-basis:70%\">\n<div style=\"text-align: justify;\">\n\n\n\n<p class=\"has-text-align-center\"><strong>Mural &#8220;<em>Nuestro derecho c\u00f3smico a protestar<\/em><\/strong>&#8220;<\/p>\n\n\n\n<p><strong>Descripci\u00f3n de la obra<\/strong><\/p>\n\n\n\n<p class=\"has-tiny-font-size\" style=\"padding-top:var(--wp--preset--spacing--30);padding-bottom:var(--wp--preset--spacing--30)\">El mural titulado \u201cNuestro derecho c\u00f3smico a protestar\u201d se encuentra en la entrada de nuestra escuela y fue realizado en la \u00e9poca de la corriente muralista local que tambi\u00e9n estuvo presente en otros estados del sureste como Campeche y Yucat\u00e1n, cuyo lema era la libertad y su reproducci\u00f3n de pensamiento en las escuelas normales.<\/p>\n\n\n\n<p class=\"has-tiny-font-size\" style=\"padding-top:var(--wp--preset--spacing--30);padding-bottom:var(--wp--preset--spacing--30)\">En esta obra realizada de 1970 a 1976, sobresalen varios aspectos como lo son la representaci\u00f3n del esqueleto de un ser animado y feroz (caracter\u00edstica presente en las obras Montuy) y las hienas cuya aparici\u00f3n simboliza el sistema social y la protesta en contra de las guerras y del primitivismo. Una de la frase que se incluye en este mural y que cabe resaltar es: \u201cSolo la justicia nos reconciliar\u00e1\u201d. <\/p>\n\n\n\n<p><strong>Informaci\u00f3n a cerca del autor<\/strong><\/p>\n\n\n\n<p class=\"has-tiny-font-size\" style=\"padding-top:var(--wp--preset--spacing--30);padding-bottom:var(--wp--preset--spacing--30)\">El autor de dicha obra es poco conocido en nuestro pa\u00eds y por la comunidad normalista; sin embargo, recientemente en la ciudad de M\u00e1laga, Espa\u00f1a, gran parte de sus obras han sido recabadas para su exhibici\u00f3n en las salas de la Sociedad Econ\u00f3mica.<\/p>\n\n\n\n<p class=\"has-tiny-font-size\" style=\"padding-top:var(--wp--preset--spacing--30);padding-bottom:var(--wp--preset--spacing--30)\">Este mural fue realizado por&nbsp;Daniel Ponce Montuy, conocido entre sus colegas como \u201cEl indomable de la libertad de la pintura\u201d, de origen tabasque\u00f1o y nacido en el municipio de Centla, en 1921. Contempor\u00e1neo, colega y amigo de Siqueiros, Rivera y Orozco; as\u00ed como autor de varias obras representativas en este estado y en la Ciudad de M\u00e9xico. Su obra se caracteriza por manifestar el sistema cosmog\u00f3nico de las civilizaciones prehisp\u00e1nicas mayas, as\u00ed como las ideas de libertad plasmadas en cada una de las situaciones cotidianas de la vida.<\/p>\n\n\n\n<p class=\"has-tiny-font-size\" style=\"padding-top:var(--wp--preset--spacing--30);padding-bottom:var(--wp--preset--spacing--30)\">Las obras en las que particip\u00f3 junto con sus contempor\u00e1neos muralistas mexicanos, actualmente se encuentran en varios edificios del Centro Hist\u00f3rico de la capital del pa\u00eds, declarados Patrimonio de la Humanidad, y otras representaciones de su trabajo se hallan en la Casa de la Cultura de la Delegaci\u00f3n Venustiano Carranza y en el Antiguo Palacio del Ayuntamiento del Gobierno de la Ciudad de M\u00e9xico, as\u00ed como tambi\u00e9n en diversos inmuebles del estado de Tabasco, algunos de ellos son: Casa de La Cultura C\u00e1rdenas, Planetario, Universidad Ju\u00e1rez Aut\u00f3noma de Tabasco y en varias oficinas gubernamentales.<\/p>\n\n\n\n<p class=\"has-tiny-font-size\" style=\"padding-top:var(--wp--preset--spacing--30);padding-bottom:var(--wp--preset--spacing--30)\">Acerca de la decisi\u00f3n para realizar el mural, el autor comenta lo siguiente en su libro \u201cHeredar\u00e1s el universo\u201d publicado por la Secretaria de Cultura, Recreaci\u00f3n y deporte del Gobierno del Estado de Tabasco en el 2004:<\/p>\n\n\n\n<blockquote class=\"wp-block-quote is-layout-flow wp-block-quote-is-layout-flow\">\n<p class=\"has-tiny-font-size\" style=\"padding-top:var(--wp--preset--spacing--30);padding-bottom:var(--wp--preset--spacing--30)\"><em>\u201cEl licenciado Trujillo me invit\u00f3 a visitarlo en Villahermosa, a donde despu\u00e9s acud\u00ed con un proyecto que consagraba el Derecho C\u00f3smico del Hombre a su Libertad de Expresi\u00f3n, todo esto posterior a los acontecimientos de la matanza del 2 de octubre en Tlatelolco, en donde estuve presente y a punto de ser muerto, con mis tres hijos menores de edad. Entonces portaba yo un cuadro de mis primeras obras, que qued\u00f3 destruido en la avalancha humana, durante la masacre y que al reverso dec\u00eda: \u00abMi esposa no vino, porque est\u00e1 enferma, pero vinieron mis hijos\u00bb. El proyecto que present\u00e9 era una hoja de cartulina ilustraci\u00f3n totalmente en blanco, y cuando el Gobernador la vio, me pregunt\u00f3 si acaso quer\u00eda yo una pared para que todos escribieran y pintaran lo que quisieran, pero yo le expliqu\u00e9 que no, que el motivo porque le mostraba una hoja en blanco, con el t\u00edtulo de \u00abNuestro Derecho C\u00f3smico a Protestar\u00bb, era porque consideraba que si yo le presentaba un boceto de la obra que acreditar\u00eda mi libertad de expresi\u00f3n, de ser aprobada llevar\u00eda encima el oprobio de una autorizaci\u00f3n que en realidad era una censura, y que por lo mismo si el autorizaba la obra, tendr\u00eda que ser sin boceto alguno, a lo que \u00e9l me contest\u00f3 frot\u00e1ndose las manos: \u00ab\u00bfY cu\u00e1ndo empieza usted, Montuy?\u00bb, y de hecho as\u00ed lo acept\u00f3. Fueron dos obras: \u00abNuestro Derecho C\u00f3smico a Protestar\u00bb y \u00abLa Educaci\u00f3n a trav\u00e9s de la Revoluci\u00f3n\u00bb. La primera qued\u00f3 instalada en la Escuela Normal de Maestros del Estado de Tabasco, y la segunda en el Instituto Nacional Indigenista, que est\u00e1 en Tucta, Nacajuca\u201d.<\/em><\/p>\n<\/blockquote>\n\n\n\n<p class=\"has-tiny-font-size\" style=\"padding-top:var(--wp--preset--spacing--30);padding-bottom:var(--wp--preset--spacing--30)\">La historia de nuestro mural, se encuentra plasmada en la edici\u00f3n n\u00famero 4 del mes de noviembre, de la gaceta <em>\u201cSomos normalistas\u201d<\/em>, \u00d3rgano de Difusi\u00f3n Normalista de la DGESuM antes DGESPE.<\/p>\n\n\n\n<div class=\"wp-block-columns is-layout-flex wp-container-core-columns-is-layout-28f84493 wp-block-columns-is-layout-flex\">\n<div class=\"wp-block-column is-layout-flow wp-block-column-is-layout-flow\"><\/div>\n<\/div>\n\n\n\n<div class=\"wp-block-columns is-layout-flex wp-container-core-columns-is-layout-28f84493 wp-block-columns-is-layout-flex\">\n<div class=\"wp-block-column is-layout-flow wp-block-column-is-layout-flow\">\n<figure class=\"wp-block-image size-large\"><img decoding=\"async\" width=\"1024\" height=\"683\" src=\"https:\/\/normaleskildsen.mx\/eduprimaria\/wp-content\/uploads\/2025\/03\/MG_8976-copia-1024x683.jpg\" alt=\"\" class=\"wp-image-840\" srcset=\"https:\/\/normaleskildsen.mx\/eduprimaria\/wp-content\/uploads\/2025\/03\/MG_8976-copia-1024x683.jpg 1024w, https:\/\/normaleskildsen.mx\/eduprimaria\/wp-content\/uploads\/2025\/03\/MG_8976-copia-300x200.jpg 300w, https:\/\/normaleskildsen.mx\/eduprimaria\/wp-content\/uploads\/2025\/03\/MG_8976-copia-768x512.jpg 768w, https:\/\/normaleskildsen.mx\/eduprimaria\/wp-content\/uploads\/2025\/03\/MG_8976-copia-1536x1024.jpg 1536w, https:\/\/normaleskildsen.mx\/eduprimaria\/wp-content\/uploads\/2025\/03\/MG_8976-copia-2048x1366.jpg 2048w\" sizes=\"(max-width: 1024px) 100vw, 1024px\" \/><\/figure>\n<\/div>\n\n\n\n<div class=\"wp-block-column is-layout-flow wp-block-column-is-layout-flow\">\n<figure class=\"wp-block-image size-large\"><img decoding=\"async\" width=\"1024\" height=\"683\" src=\"https:\/\/normaleskildsen.mx\/eduprimaria\/wp-content\/uploads\/2025\/03\/MG_8977-copia-1024x683.jpg\" alt=\"\" class=\"wp-image-841\" srcset=\"https:\/\/normaleskildsen.mx\/eduprimaria\/wp-content\/uploads\/2025\/03\/MG_8977-copia-1024x683.jpg 1024w, https:\/\/normaleskildsen.mx\/eduprimaria\/wp-content\/uploads\/2025\/03\/MG_8977-copia-300x200.jpg 300w, https:\/\/normaleskildsen.mx\/eduprimaria\/wp-content\/uploads\/2025\/03\/MG_8977-copia-768x512.jpg 768w, https:\/\/normaleskildsen.mx\/eduprimaria\/wp-content\/uploads\/2025\/03\/MG_8977-copia-1536x1024.jpg 1536w, https:\/\/normaleskildsen.mx\/eduprimaria\/wp-content\/uploads\/2025\/03\/MG_8977-copia-2048x1365.jpg 2048w\" sizes=\"(max-width: 1024px) 100vw, 1024px\" \/><\/figure>\n<\/div>\n<\/div>\n<\/div>\n\n\n\n<div class=\"wp-block-column is-layout-flow wp-block-column-is-layout-flow\" style=\"flex-basis:15%\"><\/div>\n<\/div>\n<\/div><\/div>\n<\/div><\/div><\/div><\/div>\n\n\n\n<div class=\"wp-block-columns is-layout-flex wp-container-core-columns-is-layout-28f84493 wp-block-columns-is-layout-flex\">\n<div class=\"wp-block-column is-layout-flow wp-block-column-is-layout-flow\"><\/div>\n<\/div>\n\n\n\n<div class=\"wp-block-columns is-layout-flex wp-container-core-columns-is-layout-28f84493 wp-block-columns-is-layout-flex\">\n<div class=\"wp-block-column is-layout-flow wp-block-column-is-layout-flow\" style=\"flex-basis:10%\"><\/div>\n\n\n\n<div class=\"wp-block-column is-layout-flow wp-block-column-is-layout-flow\" style=\"flex-basis:80%\">\n<div class=\"wp-block-group alignfull has-text-color has-background is-layout-flow wp-block-group-is-layout-flow\" style=\"color:#000000;background-color:#ffffff\">\n<p class=\"has-text-align-center has-small-font-size\" style=\"line-height:.9\"><strong>Mural &#8220;Ra\u00edces del normalismo&#8221;<\/strong><\/p>\n\n\n\n<div class=\"wp-block-buttons is-horizontal is-content-justification-center is-layout-flex wp-container-core-buttons-is-layout-03627597 wp-block-buttons-is-layout-flex\">\n<div class=\"wp-block-button has-custom-width wp-block-button__width-50 is-style-custombuttonthree\"><a class=\"wp-block-button__link has-sixth-background-color has-text-color has-background wp-element-button\" href=\"https:\/\/normaleskildsen.mx\/eduprimaria\/mural-raices-del-normalismo\/\" style=\"border-radius:50px;color:#ffffff\">Lee m\u00e1s<\/a><\/div>\n<\/div>\n\n\n\n<div style=\"height:64px\" aria-hidden=\"true\" class=\"wp-block-spacer\"><\/div>\n<\/div>\n<\/div>\n\n\n\n<div class=\"wp-block-column is-layout-flow wp-block-column-is-layout-flow\" style=\"flex-basis:10%\"><\/div>\n<\/div>\n\n\n\n<p style=\"margin-right:var(--wp--preset--spacing--80);margin-left:var(--wp--preset--spacing--80)\"><\/p>\n\n\n\n<p><\/p>\n","protected":false},"excerpt":{"rendered":"<p>Nuestros s\u00edmbolos intitucionales nos dan identidad y orgullo, por tanto se dedica este apartado en el cual podr\u00e1n encontrar nuestro invaluable Himno Institucional &#8220;Soy normalista&#8220;, nuestro Escudo, nuestros murales &#8220;Nuestro derecho c\u00f3smico a protestar&#8220;, &#8220;Ra\u00edces del normalismo&#8221; y la historia de nuestra fundadora, Dra. Rosario Mar\u00eda Guti\u00e9rrez Eskildsen. Mural &#8220;Ra\u00edces del normalismo&#8221;<\/p>\n","protected":false},"author":1,"featured_media":0,"parent":0,"menu_order":0,"comment_status":"closed","ping_status":"closed","template":"","meta":{"_eb_attr":"","h5ap_radio_sources":[],"footnotes":""},"class_list":["post-837","page","type-page","status-publish","hentry"],"_links":{"self":[{"href":"https:\/\/normaleskildsen.mx\/eduprimaria\/wp-json\/wp\/v2\/pages\/837","targetHints":{"allow":["GET"]}}],"collection":[{"href":"https:\/\/normaleskildsen.mx\/eduprimaria\/wp-json\/wp\/v2\/pages"}],"about":[{"href":"https:\/\/normaleskildsen.mx\/eduprimaria\/wp-json\/wp\/v2\/types\/page"}],"author":[{"embeddable":true,"href":"https:\/\/normaleskildsen.mx\/eduprimaria\/wp-json\/wp\/v2\/users\/1"}],"replies":[{"embeddable":true,"href":"https:\/\/normaleskildsen.mx\/eduprimaria\/wp-json\/wp\/v2\/comments?post=837"}],"version-history":[{"count":20,"href":"https:\/\/normaleskildsen.mx\/eduprimaria\/wp-json\/wp\/v2\/pages\/837\/revisions"}],"predecessor-version":[{"id":1436,"href":"https:\/\/normaleskildsen.mx\/eduprimaria\/wp-json\/wp\/v2\/pages\/837\/revisions\/1436"}],"wp:attachment":[{"href":"https:\/\/normaleskildsen.mx\/eduprimaria\/wp-json\/wp\/v2\/media?parent=837"}],"curies":[{"name":"wp","href":"https:\/\/api.w.org\/{rel}","templated":true}]}}