{"id":833,"date":"2025-03-30T22:20:27","date_gmt":"2025-03-30T22:20:27","guid":{"rendered":"https:\/\/normaleskildsen.mx\/eduprimaria\/?page_id=833"},"modified":"2025-04-20T20:20:54","modified_gmt":"2025-04-20T20:20:54","slug":"escudo-y-lema","status":"publish","type":"page","link":"https:\/\/normaleskildsen.mx\/eduprimaria\/escudo-y-lema\/","title":{"rendered":"Escudo y lema"},"content":{"rendered":"\n<div style=\"text-align: justify;\">\n\n\n\n<div class=\"wp-block-columns has-small-font-size is-layout-flex wp-container-core-columns-is-layout-28f84493 wp-block-columns-is-layout-flex\">\n<div class=\"wp-block-column is-layout-flow wp-block-column-is-layout-flow\">\n<div class=\"wp-block-columns is-layout-flex wp-container-core-columns-is-layout-28f84493 wp-block-columns-is-layout-flex\">\n<div class=\"wp-block-column is-layout-flow wp-block-column-is-layout-flow\">\n<div class=\"wp-block-columns is-layout-flex wp-container-core-columns-is-layout-28f84493 wp-block-columns-is-layout-flex\">\n<div class=\"wp-block-column is-layout-flow wp-block-column-is-layout-flow\">\n<p class=\"has-small-font-size\"><\/p>\n\n\n\n<p class=\"has-black-color has-text-color has-link-color wp-elements-54c5131be7c304b0a1e912888cd0543d\" style=\"margin-top:var(--wp--preset--spacing--20);margin-right:var(--wp--preset--spacing--80);margin-bottom:var(--wp--preset--spacing--20);margin-left:var(--wp--preset--spacing--80);font-size:16px\">Nuestros s\u00edmbolos intitucionales nos dan identidad y orgullo, por tanto se dedica este apartado en el cual podr\u00e1n encontrar nuestro invaluable Himno Institucional &#8220;<em>Soy normalista<\/em>&#8220;, nuestro Escudo, nuestros murales &#8220;<em>Nuestro derecho c\u00f3smico a protestar<\/em>&#8220;, &#8220;<em>Ra\u00edces del normalismo<\/em>&#8221; y la historia de nuestra fundadora, Dra. Rosario Mar\u00eda Guti\u00e9rrez Eskildsen.<\/p>\n\n\n\n<div class=\"wp-block-columns is-layout-flex wp-container-core-columns-is-layout-28f84493 wp-block-columns-is-layout-flex\">\n<div class=\"wp-block-column is-layout-flow wp-block-column-is-layout-flow\" style=\"flex-basis:25%\"><\/div>\n\n\n\n<div class=\"wp-block-column is-layout-flow wp-block-column-is-layout-flow\" style=\"flex-basis:50%\"><\/div>\n\n\n\n<div class=\"wp-block-column is-layout-flow wp-block-column-is-layout-flow\" style=\"flex-basis:25%\"><\/div>\n<\/div>\n<\/div>\n<\/div>\n<\/div>\n<\/div>\n<\/div>\n<\/div>\n\n\n\n<div class=\"wp-block-essential-blocks-advanced-tabs alignwide  root-eb-advanced-tabs-73ol9\"><div class=\"eb-parent-wrapper eb-parent-eb-advanced-tabs-73ol9 \"><div class=\"eb-advanced-tabs-73ol9 eb-advanced-tabs-wrapper horizontal\" data-min-height=\"true\"><div class=\"eb-tabs-nav\"><ul class=\"tabTitles\" data-tabs-ul-id=\"eb-advanced-tabs-73ol9\"><li data-title-tab-id=\"2\" data-title-custom-id=\"\" class=\"inactive\"><h6 class=\"tab-title-text\">Escudo y Lema<\/h6><\/li><\/ul><\/div><div class=\"eb-tabs-contents\">\n<div class=\"eb-tab-wrapper\" data-tab-id=\"2\" data-tab-parent-id=\"eb-advanced-tabs-73ol9\"><div class=\"eb-tab-inner\">\n<div class=\"wp-block-columns is-layout-flex wp-container-core-columns-is-layout-28f84493 wp-block-columns-is-layout-flex\">\n<div class=\"wp-block-column is-layout-flow wp-block-column-is-layout-flow\" style=\"flex-basis:33.33%\">\n<figure class=\"wp-block-image aligncenter size-full\"><img decoding=\"async\" width=\"321\" height=\"377\" src=\"https:\/\/normaleskildsen.mx\/eduprimaria\/wp-content\/uploads\/2025\/03\/logo.png\" alt=\"\" class=\"wp-image-524\" srcset=\"https:\/\/normaleskildsen.mx\/eduprimaria\/wp-content\/uploads\/2025\/03\/logo.png 321w, https:\/\/normaleskildsen.mx\/eduprimaria\/wp-content\/uploads\/2025\/03\/logo-255x300.png 255w\" sizes=\"(max-width: 321px) 100vw, 321px\" \/><\/figure>\n<\/div>\n\n\n\n<div class=\"wp-block-column is-layout-flow wp-block-column-is-layout-flow\" style=\"flex-basis:66.66%\">\n<h2 class=\"wp-block-heading has-small-font-size\"><strong>Descripci\u00f3n del Escudo<\/strong><\/h2>\n\n\n\n<p class=\"has-tiny-font-size\">Representa los valores, la historia e identidad que hace \u00fanica a esta instituci\u00f3n formadora de docentes para que la sociedad conozca las ra\u00edces que sustentan el normalismo en la entidad.<\/p>\n\n\n\n<h2 class=\"wp-block-heading has-small-font-size\"><strong>Caracter\u00edsticas<\/strong><\/h2>\n\n\n\n<p class=\"has-tiny-font-size\">El logotipo lo integra un escudo her\u00e1ltico, conformado por una \u00e1guila con sus alas extendidas, la cabeza apuntando hacia el horizonte, elemento simb\u00f3lico que representa la b\u00fasqueda del conocimiento y sabidur\u00eda, con aspiraciones elevadas y metas ambiciosas en la educaci\u00f3n.<\/p>\n\n\n\n<p class=\"has-tiny-font-size\">Tambi\u00e9n contiene un escus\u00f3n, peque\u00f1o escudo ubicado en el centro, se conforma de tres divisas o bandas, dos verticales, una en cada extremo con la palabra ESCUELA y otra con la palabra NORMAL, misma que sostienen otra en forma horizontal con el dato geogr\u00e1fico con respecto a la ubicaci\u00f3n de la instituci\u00f3n que se\u00f1ala la palabra TABASCO.<\/p>\n\n\n\n<p class=\"has-tiny-font-size\">La antorcha en la parte central de las divisas simboliza la b\u00fasqueda del conocimiento y en su base tiene las palabras de forma abreviada DE EDUC. PRIM.<\/p>\n\n\n\n<h5 class=\"wp-block-heading\"><strong>Nuestro Lema<\/strong><\/h5>\n\n\n\n<p class=\"has-tiny-font-size\">En la parte inferior o soporte contempla un \u00e1guila que sostiene en sus garras una banda con el lema o divisa <strong>POR EL SABER LA LIBERTAD<\/strong>, expresando que el conocimiento es fundamental para alcanzar la libertad personal, intelectual y social.<\/p>\n<\/div>\n<\/div>\n\n\n\n<p><\/p>\n<\/div><\/div>\n<\/div><\/div><\/div><\/div>\n\n\n\n<div class=\"wp-block-columns is-layout-flex wp-container-core-columns-is-layout-28f84493 wp-block-columns-is-layout-flex\">\n<div class=\"wp-block-column is-layout-flow wp-block-column-is-layout-flow\" style=\"flex-basis:10%\"><\/div>\n\n\n\n<div class=\"wp-block-column is-layout-flow wp-block-column-is-layout-flow\" style=\"flex-basis:80%\">\n<div class=\"wp-block-group alignfull has-text-color has-background is-layout-flow wp-block-group-is-layout-flow\" style=\"color:#000000;background-color:#ffffff\">\n<p class=\"has-text-align-center has-small-font-size\" style=\"line-height:.9\"><strong>Himno Institucional \u201c<em>Soy normalista<\/em>\u201c<\/strong><\/p>\n\n\n\n<div class=\"wp-block-buttons is-horizontal is-content-justification-center is-layout-flex wp-container-core-buttons-is-layout-03627597 wp-block-buttons-is-layout-flex\">\n<div class=\"wp-block-button has-custom-width wp-block-button__width-50 is-style-custombuttonthree\"><a class=\"wp-block-button__link has-sixth-background-color has-text-color has-background wp-element-button\" href=\"https:\/\/normaleskildsen.mx\/eduprimaria\/himno-soy-normalista\/\" style=\"border-radius:50px;color:#ffffff\">Lee m\u00e1s<\/a><\/div>\n<\/div>\n\n\n\n<div style=\"height:64px\" aria-hidden=\"true\" class=\"wp-block-spacer\"><\/div>\n<\/div>\n<\/div>\n\n\n\n<div class=\"wp-block-column is-layout-flow wp-block-column-is-layout-flow\" style=\"flex-basis:10%\"><\/div>\n<\/div>\n","protected":false},"excerpt":{"rendered":"<p>Nuestros s\u00edmbolos intitucionales nos dan identidad y orgullo, por tanto se dedica este apartado en el cual podr\u00e1n encontrar nuestro invaluable Himno Institucional &#8220;Soy normalista&#8220;, nuestro Escudo, nuestros murales &#8220;Nuestro derecho c\u00f3smico a protestar&#8220;, &#8220;Ra\u00edces del normalismo&#8221; y la historia de nuestra fundadora, Dra. Rosario Mar\u00eda Guti\u00e9rrez Eskildsen. Himno Institucional \u201cSoy normalista\u201c<\/p>\n","protected":false},"author":1,"featured_media":0,"parent":0,"menu_order":0,"comment_status":"closed","ping_status":"closed","template":"","meta":{"_eb_attr":"","h5ap_radio_sources":[],"footnotes":""},"class_list":["post-833","page","type-page","status-publish","hentry"],"_links":{"self":[{"href":"https:\/\/normaleskildsen.mx\/eduprimaria\/wp-json\/wp\/v2\/pages\/833","targetHints":{"allow":["GET"]}}],"collection":[{"href":"https:\/\/normaleskildsen.mx\/eduprimaria\/wp-json\/wp\/v2\/pages"}],"about":[{"href":"https:\/\/normaleskildsen.mx\/eduprimaria\/wp-json\/wp\/v2\/types\/page"}],"author":[{"embeddable":true,"href":"https:\/\/normaleskildsen.mx\/eduprimaria\/wp-json\/wp\/v2\/users\/1"}],"replies":[{"embeddable":true,"href":"https:\/\/normaleskildsen.mx\/eduprimaria\/wp-json\/wp\/v2\/comments?post=833"}],"version-history":[{"count":7,"href":"https:\/\/normaleskildsen.mx\/eduprimaria\/wp-json\/wp\/v2\/pages\/833\/revisions"}],"predecessor-version":[{"id":1421,"href":"https:\/\/normaleskildsen.mx\/eduprimaria\/wp-json\/wp\/v2\/pages\/833\/revisions\/1421"}],"wp:attachment":[{"href":"https:\/\/normaleskildsen.mx\/eduprimaria\/wp-json\/wp\/v2\/media?parent=833"}],"curies":[{"name":"wp","href":"https:\/\/api.w.org\/{rel}","templated":true}]}}