{"id":674,"date":"2025-03-25T01:14:25","date_gmt":"2025-03-25T01:14:25","guid":{"rendered":"https:\/\/normaleskildsen.mx\/eduprimaria\/?page_id=674"},"modified":"2025-04-20T20:15:55","modified_gmt":"2025-04-20T20:15:55","slug":"movilidad-academica","status":"publish","type":"page","link":"https:\/\/normaleskildsen.mx\/eduprimaria\/movilidad-academica\/","title":{"rendered":"Movilidad Acad\u00e9mica"},"content":{"rendered":"\n<div style=\"text-align: justify;\">\n\n\n\n<div class=\"wp-block-group has-background is-layout-constrained wp-container-core-group-is-layout-2685f312 wp-block-group-is-layout-constrained\" style=\"background-color:#f8faff;min-height:0px;padding-top:41px;padding-bottom:41px\">\n<div class=\"wp-block-group is-layout-constrained wp-container-core-group-is-layout-2199f4b7 wp-block-group-is-layout-constrained\" style=\"padding-bottom:20px\">\n<div class=\"wp-block-columns is-layout-flex wp-container-core-columns-is-layout-28f84493 wp-block-columns-is-layout-flex\">\n<div class=\"wp-block-column is-layout-flow wp-block-column-is-layout-flow\" style=\"padding-right:0em;padding-left:0em\">\n<h4 class=\"wp-block-heading has-text-align-center travey-animate travey-move-up travey-delay-1 has-vivid-cyan-blue-color has-text-color\">Escuela Normal Superior de Caldas, Colombia<\/h4>\n<\/div>\n<\/div>\n<\/div>\n\n\n\n<div class=\"wp-block-columns is-layout-flex wp-container-core-columns-is-layout-28f84493 wp-block-columns-is-layout-flex\">\n<div class=\"wp-block-column is-layout-flow wp-block-column-is-layout-flow\">\n<div class=\"wp-block-columns is-layout-flex wp-container-core-columns-is-layout-28f84493 wp-block-columns-is-layout-flex\">\n<div class=\"wp-block-column is-layout-flow wp-block-column-is-layout-flow\" style=\"flex-basis:10%\"><\/div>\n\n\n\n<div class=\"wp-block-column is-layout-flow wp-block-column-is-layout-flow\" style=\"flex-basis:80%\">\n<p>La Escuela Rosario Mar\u00eda Guti\u00e9rrez Eskildsen, comparte con la comunidad normalista la movilidad Internacional con la Escuela Normal Superior de Manizales, Colombia, en el marco del Encuentro Internacional de Pol\u00edtica Educativa para la Formaci\u00f3n de Maestros en Escuelas Normales con esta actividad se da cumplimiento a la acci\u00f3n de trabajos colegiados en la atenci\u00f3n a grupos multigrados del EDINEN 2024, efectuada el 9 de octubre de 2024.<\/p>\n\n\n\n<p>Se destaca la participaci\u00f3n de las estudiantes en formaci\u00f3n de la Licenciatura en Educaci\u00f3n Primaria: Katia Monserrat Cerino Ovando y Naydelin Soberano Hern\u00e1ndez, y de los docentes formadores; Dra. Mar\u00eda Bel\u00e9n Torres Mayo y el Dr. Luis Alberto Morales Arias refrend\u00e1ndose as\u00ed, los esfuerzos para lograr y potenciar los proyectos de investigaci\u00f3n que permiten un enriquecimiento acad\u00e9mico cultural en fortalecimiento a una formaci\u00f3n docente integral que responda a exigencias globales y la cooperaci\u00f3n internacional.<\/p>\n\n\n\n<div class=\"wp-block-columns is-layout-flex wp-container-core-columns-is-layout-28f84493 wp-block-columns-is-layout-flex\">\n<div class=\"wp-block-column is-layout-flow wp-block-column-is-layout-flow\">\n<div class=\"wp-block-essential-blocks-slider  root-eb-slider-ir5ml\"><div class=\"eb-parent-wrapper eb-parent-eb-slider-ir5ml \"><div class=\"eb-slider-wrapper eb-slider-ir5ml\" data-blockid=\"eb-slider-ir5ml\" data-version=\"v4\" data-settings=\"eyJhcnJvd3MiOnRydWUsImFkYXB0aXZlSGVpZ2h0Ijp0cnVlLCJhdXRvcGxheSI6dHJ1ZSwiYXV0b3BsYXlTcGVlZCI6MzAwMCwiZG90cyI6dHJ1ZSwiZmFkZSI6ZmFsc2UsImluZmluaXRlIjp0cnVlLCJwYXVzZU9uSG92ZXIiOnRydWUsInNsaWRlc1RvU2hvdyI6MSwic3BlZWQiOjUwMCwidmVydGljYWwiOmZhbHNlLCJjdXJyZW50U2xpZGUiOjAsInJ0bCI6ZmFsc2UsInJlc3BvbnNpdmUiOlt7ImJyZWFrcG9pbnQiOjEwMjUsInNldHRpbmdzIjp7InNsaWRlc1RvU2hvdyI6MX19LHsiYnJlYWtwb2ludCI6NzY3LCJzZXR0aW5ncyI6eyJzbGlkZXNUb1Nob3ciOjF9fV19\" data-arrownexticon=\"fas fa-arrow-alt-circle-right\" data-arrowprevicon=\"fas fa-arrow-alt-circle-left\" data-lightbox=\"false\"><div class=\"eb-slider-init eb-slider-type-image\"><div class=\"eb-slider-item content-1\" data-src=\"https:\/\/normaleskildsen.mx\/eduprimaria\/wp-content\/uploads\/2025\/03\/2.jpg\"><div><img class=\"eb-slider-image\" data-lazy=\"https:\/\/normaleskildsen.mx\/eduprimaria\/wp-content\/uploads\/2025\/03\/2.jpg\"\/><\/div><\/div><div class=\"eb-slider-item content-1\" data-src=\"https:\/\/normaleskildsen.mx\/eduprimaria\/wp-content\/uploads\/2025\/03\/485374320_1172109781388232_6340684213290187131_n.jpg\"><div><img class=\"eb-slider-image\" data-lazy=\"https:\/\/normaleskildsen.mx\/eduprimaria\/wp-content\/uploads\/2025\/03\/485374320_1172109781388232_6340684213290187131_n.jpg\"\/><\/div><\/div><div class=\"eb-slider-item content-1\" data-src=\"https:\/\/normaleskildsen.mx\/eduprimaria\/wp-content\/uploads\/2025\/03\/485744680_1172109741388236_8167126974322425569_n.jpg\"><div><img class=\"eb-slider-image\" data-lazy=\"https:\/\/normaleskildsen.mx\/eduprimaria\/wp-content\/uploads\/2025\/03\/485744680_1172109741388236_8167126974322425569_n.jpg\"\/><\/div><\/div><div class=\"eb-slider-item content-1\" data-src=\"https:\/\/normaleskildsen.mx\/eduprimaria\/wp-content\/uploads\/2025\/03\/485352139_1172109801388230_2296174087951235371_n.jpg\"><div><img class=\"eb-slider-image\" data-lazy=\"https:\/\/normaleskildsen.mx\/eduprimaria\/wp-content\/uploads\/2025\/03\/485352139_1172109801388230_2296174087951235371_n.jpg\"\/><\/div><\/div><div class=\"eb-slider-item content-1\" data-src=\"https:\/\/normaleskildsen.mx\/eduprimaria\/wp-content\/uploads\/2025\/03\/485767235_1172109754721568_6640351268125989711_n.jpg\"><div><img class=\"eb-slider-image\" data-lazy=\"https:\/\/normaleskildsen.mx\/eduprimaria\/wp-content\/uploads\/2025\/03\/485767235_1172109754721568_6640351268125989711_n.jpg\"\/><\/div><\/div><div class=\"eb-slider-item content-1\" data-src=\"https:\/\/normaleskildsen.mx\/eduprimaria\/wp-content\/uploads\/2025\/03\/485769845_1172109758054901_731467132118480260_n.jpg\"><div><img class=\"eb-slider-image\" data-lazy=\"https:\/\/normaleskildsen.mx\/eduprimaria\/wp-content\/uploads\/2025\/03\/485769845_1172109758054901_731467132118480260_n.jpg\"\/><\/div><\/div><div class=\"eb-slider-item content-1\" data-src=\"https:\/\/normaleskildsen.mx\/eduprimaria\/wp-content\/uploads\/2025\/03\/485801151_1172109718054905_4798127289675051609_n.jpg\"><div><img class=\"eb-slider-image\" data-lazy=\"https:\/\/normaleskildsen.mx\/eduprimaria\/wp-content\/uploads\/2025\/03\/485801151_1172109718054905_4798127289675051609_n.jpg\"\/><\/div><\/div><div class=\"eb-slider-item content-1\" data-src=\"https:\/\/normaleskildsen.mx\/eduprimaria\/wp-content\/uploads\/2025\/03\/485296015_1172109764721567_8947248798814693158_n.jpg\"><div><img class=\"eb-slider-image\" data-lazy=\"https:\/\/normaleskildsen.mx\/eduprimaria\/wp-content\/uploads\/2025\/03\/485296015_1172109764721567_8947248798814693158_n.jpg\"\/><\/div><\/div><div class=\"eb-slider-item content-1\" data-src=\"https:\/\/normaleskildsen.mx\/eduprimaria\/wp-content\/uploads\/2025\/03\/485390338_1172109748054902_8463355144045690016_n.jpg\"><div><img class=\"eb-slider-image\" data-lazy=\"https:\/\/normaleskildsen.mx\/eduprimaria\/wp-content\/uploads\/2025\/03\/485390338_1172109748054902_8463355144045690016_n.jpg\"\/><\/div><\/div><div class=\"eb-slider-item content-1\" data-src=\"https:\/\/normaleskildsen.mx\/eduprimaria\/wp-content\/uploads\/2025\/03\/485333590_1172109761388234_4623656104232882070_n.jpg\"><div><img class=\"eb-slider-image\" data-lazy=\"https:\/\/normaleskildsen.mx\/eduprimaria\/wp-content\/uploads\/2025\/03\/485333590_1172109761388234_4623656104232882070_n.jpg\"\/><\/div><\/div><\/div><\/div><\/div><\/div>\n<\/div>\n<\/div>\n<\/div>\n\n\n\n<div class=\"wp-block-column is-layout-flow wp-block-column-is-layout-flow\" style=\"flex-basis:10%\"><\/div>\n<\/div>\n<\/div>\n<\/div>\n<\/div>\n\n\n\n<div class=\"wp-block-columns is-layout-flex wp-container-core-columns-is-layout-28f84493 wp-block-columns-is-layout-flex\">\n<div class=\"wp-block-column is-layout-flow wp-block-column-is-layout-flow\"><\/div>\n\n\n\n<div class=\"wp-block-column is-layout-flow wp-block-column-is-layout-flow\"><\/div>\n\n\n\n<div class=\"wp-block-column is-layout-flow wp-block-column-is-layout-flow\"><\/div>\n<\/div>\n\n\n\n<p><\/p>\n","protected":false},"excerpt":{"rendered":"<p>Escuela Normal Superior de Caldas, Colombia La Escuela Rosario Mar\u00eda Guti\u00e9rrez Eskildsen, comparte con la comunidad normalista la movilidad Internacional con la Escuela Normal Superior de Manizales, Colombia, en el marco del Encuentro Internacional de Pol\u00edtica Educativa para la Formaci\u00f3n de Maestros en Escuelas Normales con esta actividad se da cumplimiento a la acci\u00f3n de trabajos colegiados en la atenci\u00f3n a grupos multigrados del EDINEN 2024, efectuada el 9 de octubre de 2024. Se destaca la participaci\u00f3n de las estudiantes en formaci\u00f3n de la Licenciatura en Educaci\u00f3n Primaria: Katia Monserrat Cerino Ovando y Naydelin Soberano Hern\u00e1ndez, y de los docentes<\/p>\n","protected":false},"author":1,"featured_media":0,"parent":0,"menu_order":0,"comment_status":"closed","ping_status":"closed","template":"","meta":{"_eb_attr":"","h5ap_radio_sources":[],"footnotes":""},"class_list":["post-674","page","type-page","status-publish","hentry"],"_links":{"self":[{"href":"https:\/\/normaleskildsen.mx\/eduprimaria\/wp-json\/wp\/v2\/pages\/674","targetHints":{"allow":["GET"]}}],"collection":[{"href":"https:\/\/normaleskildsen.mx\/eduprimaria\/wp-json\/wp\/v2\/pages"}],"about":[{"href":"https:\/\/normaleskildsen.mx\/eduprimaria\/wp-json\/wp\/v2\/types\/page"}],"author":[{"embeddable":true,"href":"https:\/\/normaleskildsen.mx\/eduprimaria\/wp-json\/wp\/v2\/users\/1"}],"replies":[{"embeddable":true,"href":"https:\/\/normaleskildsen.mx\/eduprimaria\/wp-json\/wp\/v2\/comments?post=674"}],"version-history":[{"count":9,"href":"https:\/\/normaleskildsen.mx\/eduprimaria\/wp-json\/wp\/v2\/pages\/674\/revisions"}],"predecessor-version":[{"id":2075,"href":"https:\/\/normaleskildsen.mx\/eduprimaria\/wp-json\/wp\/v2\/pages\/674\/revisions\/2075"}],"wp:attachment":[{"href":"https:\/\/normaleskildsen.mx\/eduprimaria\/wp-json\/wp\/v2\/media?parent=674"}],"curies":[{"name":"wp","href":"https:\/\/api.w.org\/{rel}","templated":true}]}}