{"id":531,"date":"2025-03-20T14:07:29","date_gmt":"2025-03-20T14:07:29","guid":{"rendered":"https:\/\/normaleskildsen.mx\/eduprimaria\/?page_id=531"},"modified":"2025-06-16T07:40:49","modified_gmt":"2025-06-16T07:40:49","slug":"oferta-educativa","status":"publish","type":"page","link":"https:\/\/normaleskildsen.mx\/eduprimaria\/oferta-educativa\/","title":{"rendered":"Oferta educativa"},"content":{"rendered":"\n<div class=\"wp-block-columns has-background is-layout-flex wp-container-core-columns-is-layout-e05d3243 wp-block-columns-is-layout-flex\" style=\"background-color:#9d144a;padding-top:0px;padding-right:0px;padding-bottom:0px;padding-left:0px\">\n<div class=\"wp-block-column is-vertically-aligned-top has-travey-primary-background-color has-background is-layout-flow wp-container-core-column-is-layout-1d7c413d wp-block-column-is-layout-flow\" style=\"padding-top:120px;padding-bottom:120px\">\n<div class=\"wp-block-group is-layout-constrained wp-container-core-group-is-layout-29f0deca wp-block-group-is-layout-constrained\" style=\"padding-right:0px\">\n<h2 class=\"wp-block-heading travey-animate travey-move-right travey-delay-1 has-ninth-color has-text-color\" style=\"margin-bottom:20px;font-size:32px;font-style:normal;font-weight:600\">Licenciatura en Educaci\u00f3n Primaria<\/h2>\n\n\n\n<p class=\"travey-animate travey-move-right travey-delay-3 has-ninth-color has-text-color has-tiny-font-size\" style=\"font-style:normal;font-weight:300;line-height:1.5\">Es un programa de formaci\u00f3n profesional dirigido a quienes desean contribuir al desarrollo integral de ni\u00f1as y ni\u00f1os en su proceso de aprendizaje. Su objetivo principal es preparar docentes con un profundo sentido de responsabilidad social, s\u00f3lidos conocimientos pedag\u00f3gicos y did\u00e1cticos, para dise\u00f1ar e implementar estrategias educativas innovadoras que favorezcan la construcci\u00f3n de conocimiento educaci\u00f3n b\u00e1sica<\/p>\n\n\n\n<div class=\"wp-block-buttons travey-animate travey-move-right travey-delay-5 is-layout-flex wp-block-buttons-is-layout-flex\" style=\"margin-top:20px\">\n<div class=\"wp-block-button is-style-fill\"><a class=\"wp-block-button__link has-eighth-color has-third-background-color has-text-color has-background has-link-color wp-element-button\" href=\"https:\/\/normaleskildsen.mx\/eduprimaria\/licenciatura-en-educacion-primaria\/\"><strong>LEE M\u00c1S<\/strong><\/a><\/div>\n<\/div>\n<\/div>\n<\/div>\n\n\n\n<div class=\"wp-block-column is-layout-flow wp-block-column-is-layout-flow\" style=\"padding-top:0px;padding-bottom:0px\">\n<div class=\"wp-block-cover aligncenter travey-animate travey-move-left travey-delay-7\" style=\"padding-top:0rem;padding-bottom:0rem;min-height:552px;aspect-ratio:unset;\"><img decoding=\"async\" width=\"1815\" height=\"1210\" class=\"wp-block-cover__image-background wp-image-539\" alt=\"\" src=\"https:\/\/normaleskildsen.mx\/eduprimaria\/wp-content\/uploads\/2025\/03\/MG_9362.jpg\" style=\"object-position:43% 44%\" data-object-fit=\"cover\" data-object-position=\"43% 44%\" srcset=\"https:\/\/normaleskildsen.mx\/eduprimaria\/wp-content\/uploads\/2025\/03\/MG_9362.jpg 1815w, https:\/\/normaleskildsen.mx\/eduprimaria\/wp-content\/uploads\/2025\/03\/MG_9362-300x200.jpg 300w, https:\/\/normaleskildsen.mx\/eduprimaria\/wp-content\/uploads\/2025\/03\/MG_9362-1024x683.jpg 1024w, https:\/\/normaleskildsen.mx\/eduprimaria\/wp-content\/uploads\/2025\/03\/MG_9362-768x512.jpg 768w, https:\/\/normaleskildsen.mx\/eduprimaria\/wp-content\/uploads\/2025\/03\/MG_9362-1536x1024.jpg 1536w\" sizes=\"(max-width: 1815px) 100vw, 1815px\" \/><span aria-hidden=\"true\" class=\"wp-block-cover__background has-background-dim-0 has-background-dim\" style=\"background-color:#6f7076\"><\/span><div class=\"wp-block-cover__inner-container is-layout-flow wp-block-cover-is-layout-flow\">\n<div class=\"wp-block-columns is-layout-flex wp-container-core-columns-is-layout-28f84493 wp-block-columns-is-layout-flex\">\n<div class=\"wp-block-column is-vertically-aligned-center is-layout-flow wp-block-column-is-layout-flow\"><\/div>\n<\/div>\n<\/div><\/div>\n<\/div>\n<\/div>\n\n\n\n<div class=\"wp-block-columns is-layout-flex wp-container-core-columns-is-layout-28f84493 wp-block-columns-is-layout-flex\">\n<div class=\"wp-block-column is-layout-flow wp-block-column-is-layout-flow\"><\/div>\n<\/div>\n\n\n\n<div class=\"wp-block-columns has-background is-layout-flex wp-container-core-columns-is-layout-e05d3243 wp-block-columns-is-layout-flex\" style=\"background-color:#152b5a;padding-top:0px;padding-right:0px;padding-bottom:0px;padding-left:0px\">\n<div class=\"wp-block-column is-vertically-aligned-top has-travey-primary-background-color has-background is-layout-flow wp-container-core-column-is-layout-1d7c413d wp-block-column-is-layout-flow\" style=\"padding-top:120px;padding-bottom:120px\">\n<div class=\"wp-block-group is-layout-constrained wp-container-core-group-is-layout-29f0deca wp-block-group-is-layout-constrained\" style=\"padding-right:0px\">\n<h2 class=\"wp-block-heading travey-animate travey-move-right travey-delay-1 has-ninth-color has-text-color\" style=\"margin-bottom:20px;font-size:25px;font-style:normal;font-weight:600\">Maestr\u00eda en Educaci\u00f3n B\u00e1sica con \u00c9nfasis en Temas Emergentes<\/h2>\n\n\n\n<p class=\"travey-animate travey-move-right travey-delay-3 has-ninth-color has-text-color has-tiny-font-size\" style=\"font-style:normal;font-weight:300;line-height:1.5\">Este programa tiene por objetivo contribuir a la formaci\u00f3n de los profesores de Educaci\u00f3n B\u00e1sica para el dominio de los planes y programas de estudio vigente en sus diversos contextos de acuerdo a los tipos de organizaci\u00f3n de las escuelas donde se encuentren, a fin de contribuir en el dise\u00f1o y desarrollo de propuestas de investigaci\u00f3n educativa, aplicando metodolog\u00edas activas en los Aprendizajes Basados en Proyectos y acordes al contexto comunidad-territorio en ambientes inclusivos e interculturales, para procurar la paz.<\/p>\n\n\n\n<div class=\"wp-block-buttons travey-animate travey-move-right travey-delay-5 is-layout-flex wp-block-buttons-is-layout-flex\" style=\"margin-top:20px\">\n<div class=\"wp-block-button\"><a class=\"wp-block-button__link has-sixth-color has-eleventh-background-color has-text-color has-background has-link-color wp-element-button\" href=\"https:\/\/normaleskildsen.mx\/eduprimaria\/programa-de-la-maestria\/\"><strong>LEE M\u00c1S<\/strong><\/a><\/div>\n<\/div>\n<\/div>\n<\/div>\n\n\n\n<div class=\"wp-block-column is-layout-flow wp-block-column-is-layout-flow\" style=\"padding-top:0px;padding-bottom:0px\">\n<div class=\"wp-block-cover aligncenter is-light travey-animate travey-move-left travey-delay-7\" style=\"padding-top:0rem;padding-bottom:0rem;min-height:558px;aspect-ratio:unset;\"><img decoding=\"async\" width=\"2560\" height=\"1707\" class=\"wp-block-cover__image-background wp-image-540\" alt=\"\" src=\"https:\/\/normaleskildsen.mx\/eduprimaria\/wp-content\/uploads\/2025\/03\/IMG_6660-scaled.jpg\" data-object-fit=\"cover\" srcset=\"https:\/\/normaleskildsen.mx\/eduprimaria\/wp-content\/uploads\/2025\/03\/IMG_6660-scaled.jpg 2560w, https:\/\/normaleskildsen.mx\/eduprimaria\/wp-content\/uploads\/2025\/03\/IMG_6660-300x200.jpg 300w, https:\/\/normaleskildsen.mx\/eduprimaria\/wp-content\/uploads\/2025\/03\/IMG_6660-1024x683.jpg 1024w, https:\/\/normaleskildsen.mx\/eduprimaria\/wp-content\/uploads\/2025\/03\/IMG_6660-768x512.jpg 768w, https:\/\/normaleskildsen.mx\/eduprimaria\/wp-content\/uploads\/2025\/03\/IMG_6660-1536x1024.jpg 1536w, https:\/\/normaleskildsen.mx\/eduprimaria\/wp-content\/uploads\/2025\/03\/IMG_6660-2048x1365.jpg 2048w\" sizes=\"(max-width: 2560px) 100vw, 2560px\" \/><span aria-hidden=\"true\" class=\"wp-block-cover__background has-background-dim-0 has-background-dim\" style=\"background-color:#a49284\"><\/span><div class=\"wp-block-cover__inner-container is-layout-flow wp-block-cover-is-layout-flow\">\n<div class=\"wp-block-columns is-layout-flex wp-container-core-columns-is-layout-28f84493 wp-block-columns-is-layout-flex\">\n<div class=\"wp-block-column is-vertically-aligned-center is-layout-flow wp-block-column-is-layout-flow\"><\/div>\n<\/div>\n<\/div><\/div>\n<\/div>\n<\/div>\n\n\n\n<div class=\"wp-block-columns is-layout-flex wp-container-core-columns-is-layout-28f84493 wp-block-columns-is-layout-flex\">\n<div class=\"wp-block-column is-layout-flow wp-block-column-is-layout-flow\"><\/div>\n<\/div>\n\n\n\n<div class=\"wp-block-columns has-background is-layout-flex wp-container-core-columns-is-layout-e05d3243 wp-block-columns-is-layout-flex\" style=\"background-color:#b28d59;padding-top:0px;padding-right:0px;padding-bottom:0px;padding-left:0px\">\n<div class=\"wp-block-column is-vertically-aligned-top has-travey-primary-background-color has-background is-layout-flow wp-container-core-column-is-layout-1d7c413d wp-block-column-is-layout-flow\" style=\"padding-top:120px;padding-bottom:120px\">\n<div class=\"wp-block-group is-layout-constrained wp-container-core-group-is-layout-29f0deca wp-block-group-is-layout-constrained\" style=\"padding-right:0px\">\n<h2 class=\"wp-block-heading travey-animate travey-move-right travey-delay-1 has-ninth-color has-text-color\" style=\"margin-bottom:20px;font-size:32px;font-style:normal;font-weight:600\">Educaci\u00f3n continua<\/h2>\n\n\n\n<p class=\"travey-animate travey-move-right travey-delay-3 has-ninth-color has-text-color has-tiny-font-size\" style=\"font-style:normal;font-weight:300;line-height:1.5\">Estos programas son ofrecidos a trav\u00e9s del \u00c1rea de Actividades Extracurriculares y est\u00e1n dise\u00f1ados para potenciar la actualizaci\u00f3n y el crecimiento profesional, promoviendo el bienestar personal y el fortalecimiento de habilidades clave para el desempe\u00f1o educativo. Su prop\u00f3sito es brindar una oportunidad valiosa para adquirir nuevas competencias, ampliar conocimientos y enriquecer el desarrollo integral, contribuyendo as\u00ed a la mejora continua de la educaci\u00f3n y la excelencia en la formaci\u00f3n docente.<\/p>\n\n\n\n<div class=\"wp-block-buttons travey-animate travey-move-right travey-delay-5 is-layout-flex wp-block-buttons-is-layout-flex\" style=\"margin-top:20px\"><\/div>\n<\/div>\n<\/div>\n\n\n\n<div class=\"wp-block-column is-layout-flow wp-block-column-is-layout-flow\" style=\"padding-top:0px;padding-bottom:0px\">\n<div class=\"wp-block-cover aligncenter travey-animate travey-move-left travey-delay-7\" style=\"padding-top:0rem;padding-bottom:0rem;min-height:537px;aspect-ratio:unset;\"><img decoding=\"async\" width=\"1600\" height=\"900\" class=\"wp-block-cover__image-background wp-image-551\" alt=\"\" src=\"https:\/\/normaleskildsen.mx\/eduprimaria\/wp-content\/uploads\/2025\/03\/WhatsApp-Image-2025-03-20-at-10.02.16-AM.jpeg\" style=\"object-position:17% 52%\" data-object-fit=\"cover\" data-object-position=\"17% 52%\" srcset=\"https:\/\/normaleskildsen.mx\/eduprimaria\/wp-content\/uploads\/2025\/03\/WhatsApp-Image-2025-03-20-at-10.02.16-AM.jpeg 1600w, https:\/\/normaleskildsen.mx\/eduprimaria\/wp-content\/uploads\/2025\/03\/WhatsApp-Image-2025-03-20-at-10.02.16-AM-300x169.jpeg 300w, https:\/\/normaleskildsen.mx\/eduprimaria\/wp-content\/uploads\/2025\/03\/WhatsApp-Image-2025-03-20-at-10.02.16-AM-1024x576.jpeg 1024w, https:\/\/normaleskildsen.mx\/eduprimaria\/wp-content\/uploads\/2025\/03\/WhatsApp-Image-2025-03-20-at-10.02.16-AM-768x432.jpeg 768w, https:\/\/normaleskildsen.mx\/eduprimaria\/wp-content\/uploads\/2025\/03\/WhatsApp-Image-2025-03-20-at-10.02.16-AM-1536x864.jpeg 1536w\" sizes=\"(max-width: 1600px) 100vw, 1600px\" \/><span aria-hidden=\"true\" class=\"wp-block-cover__background has-background-dim-0 has-background-dim\" style=\"background-color:#887a70\"><\/span><div class=\"wp-block-cover__inner-container is-layout-flow wp-block-cover-is-layout-flow\">\n<div class=\"wp-block-columns is-layout-flex wp-container-core-columns-is-layout-28f84493 wp-block-columns-is-layout-flex\">\n<div class=\"wp-block-column is-vertically-aligned-center is-layout-flow wp-block-column-is-layout-flow\"><\/div>\n<\/div>\n<\/div><\/div>\n<\/div>\n<\/div>\n\n\n\n<p><\/p>\n","protected":false},"excerpt":{"rendered":"<p>Licenciatura en Educaci\u00f3n Primaria Es un programa de formaci\u00f3n profesional dirigido a quienes desean contribuir al desarrollo integral de ni\u00f1as y ni\u00f1os en su proceso de aprendizaje. Su objetivo principal es preparar docentes con un profundo sentido de responsabilidad social, s\u00f3lidos conocimientos pedag\u00f3gicos y did\u00e1cticos, para dise\u00f1ar e implementar estrategias educativas innovadoras que favorezcan la construcci\u00f3n de conocimiento educaci\u00f3n b\u00e1sica Maestr\u00eda en Educaci\u00f3n B\u00e1sica con \u00c9nfasis en Temas Emergentes Este programa tiene por objetivo contribuir a la formaci\u00f3n de los profesores de Educaci\u00f3n B\u00e1sica para el dominio de los planes y programas de estudio vigente en sus diversos contextos de<\/p>\n","protected":false},"author":1,"featured_media":0,"parent":0,"menu_order":0,"comment_status":"closed","ping_status":"closed","template":"","meta":{"_eb_attr":"","h5ap_radio_sources":[],"footnotes":""},"class_list":["post-531","page","type-page","status-publish","hentry"],"_links":{"self":[{"href":"https:\/\/normaleskildsen.mx\/eduprimaria\/wp-json\/wp\/v2\/pages\/531","targetHints":{"allow":["GET"]}}],"collection":[{"href":"https:\/\/normaleskildsen.mx\/eduprimaria\/wp-json\/wp\/v2\/pages"}],"about":[{"href":"https:\/\/normaleskildsen.mx\/eduprimaria\/wp-json\/wp\/v2\/types\/page"}],"author":[{"embeddable":true,"href":"https:\/\/normaleskildsen.mx\/eduprimaria\/wp-json\/wp\/v2\/users\/1"}],"replies":[{"embeddable":true,"href":"https:\/\/normaleskildsen.mx\/eduprimaria\/wp-json\/wp\/v2\/comments?post=531"}],"version-history":[{"count":12,"href":"https:\/\/normaleskildsen.mx\/eduprimaria\/wp-json\/wp\/v2\/pages\/531\/revisions"}],"predecessor-version":[{"id":2907,"href":"https:\/\/normaleskildsen.mx\/eduprimaria\/wp-json\/wp\/v2\/pages\/531\/revisions\/2907"}],"wp:attachment":[{"href":"https:\/\/normaleskildsen.mx\/eduprimaria\/wp-json\/wp\/v2\/media?parent=531"}],"curies":[{"name":"wp","href":"https:\/\/api.w.org\/{rel}","templated":true}]}}