{"id":410,"date":"2025-03-20T07:20:18","date_gmt":"2025-03-20T07:20:18","guid":{"rendered":"https:\/\/normaleskildsen.mx\/eduprimaria\/?page_id=410"},"modified":"2025-04-20T20:14:09","modified_gmt":"2025-04-20T20:14:09","slug":"organigrama-institucional-2","status":"publish","type":"page","link":"https:\/\/normaleskildsen.mx\/eduprimaria\/organigrama-institucional-2\/","title":{"rendered":"Organigrama institucional"},"content":{"rendered":"\n<p class=\"has-text-align-center\" style=\"border-style:none;border-width:0px;padding-top:var(--wp--preset--spacing--40);padding-right:var(--wp--preset--spacing--80);padding-bottom:var(--wp--preset--spacing--40);padding-left:var(--wp--preset--spacing--80)\">Estructura organizacional&nbsp;de la Escuela Rosario Mar\u00eda Guti\u00e9rrez Eskildsen, Licenciatura en Educaci\u00f3n Primaria.<\/p>\n\n\n\n<div class=\"wp-block-columns is-layout-flex wp-container-core-columns-is-layout-28f84493 wp-block-columns-is-layout-flex\">\n<div class=\"wp-block-column is-layout-flow wp-block-column-is-layout-flow\" style=\"flex-basis:10%\"><\/div>\n\n\n\n<div class=\"wp-block-column is-layout-flow wp-block-column-is-layout-flow\" style=\"flex-basis:80%\">\n<figure class=\"wp-block-image aligncenter size-large has-custom-border\"><a href=\"https:\/\/normaleskildsen.mx\/documentos\/Organigrama.pdf\"><img decoding=\"async\" src=\"https:\/\/normaleskildsen.mx\/documentos\/OrganigramaInstitucional.png\" alt=\"\" style=\"border-radius:21px\"\/><\/a><\/figure>\n<\/div>\n\n\n\n<div class=\"wp-block-column is-layout-flow wp-block-column-is-layout-flow\" style=\"flex-basis:10%\"><\/div>\n<\/div>\n\n\n\n<div class=\"wp-block-columns is-layout-flex wp-container-core-columns-is-layout-28f84493 wp-block-columns-is-layout-flex\">\n<div class=\"wp-block-column is-layout-flow wp-block-column-is-layout-flow\" style=\"flex-basis:10%\"><\/div>\n\n\n\n<div class=\"wp-block-column is-layout-flow wp-block-column-is-layout-flow\" style=\"flex-basis:80%\"><\/div>\n\n\n\n<div class=\"wp-block-column is-layout-flow wp-block-column-is-layout-flow\" style=\"flex-basis:10%\"><\/div>\n<\/div>\n\n\n\n<p><\/p>\n","protected":false},"excerpt":{"rendered":"<p>Estructura organizacional&nbsp;de la Escuela Rosario Mar\u00eda Guti\u00e9rrez Eskildsen, Licenciatura en Educaci\u00f3n Primaria.<\/p>\n","protected":false},"author":1,"featured_media":0,"parent":0,"menu_order":0,"comment_status":"closed","ping_status":"closed","template":"","meta":{"_eb_attr":"","h5ap_radio_sources":[],"footnotes":""},"class_list":["post-410","page","type-page","status-publish","hentry"],"_links":{"self":[{"href":"https:\/\/normaleskildsen.mx\/eduprimaria\/wp-json\/wp\/v2\/pages\/410","targetHints":{"allow":["GET"]}}],"collection":[{"href":"https:\/\/normaleskildsen.mx\/eduprimaria\/wp-json\/wp\/v2\/pages"}],"about":[{"href":"https:\/\/normaleskildsen.mx\/eduprimaria\/wp-json\/wp\/v2\/types\/page"}],"author":[{"embeddable":true,"href":"https:\/\/normaleskildsen.mx\/eduprimaria\/wp-json\/wp\/v2\/users\/1"}],"replies":[{"embeddable":true,"href":"https:\/\/normaleskildsen.mx\/eduprimaria\/wp-json\/wp\/v2\/comments?post=410"}],"version-history":[{"count":30,"href":"https:\/\/normaleskildsen.mx\/eduprimaria\/wp-json\/wp\/v2\/pages\/410\/revisions"}],"predecessor-version":[{"id":1023,"href":"https:\/\/normaleskildsen.mx\/eduprimaria\/wp-json\/wp\/v2\/pages\/410\/revisions\/1023"}],"wp:attachment":[{"href":"https:\/\/normaleskildsen.mx\/eduprimaria\/wp-json\/wp\/v2\/media?parent=410"}],"curies":[{"name":"wp","href":"https:\/\/api.w.org\/{rel}","templated":true}]}}