{"id":291,"date":"2025-03-20T05:19:15","date_gmt":"2025-03-20T05:19:15","guid":{"rendered":"https:\/\/normaleskildsen.mx\/eduprimaria\/?page_id=291"},"modified":"2025-04-20T20:08:50","modified_gmt":"2025-04-20T20:08:50","slug":"ubicacion","status":"publish","type":"page","link":"https:\/\/normaleskildsen.mx\/eduprimaria\/ubicacion\/","title":{"rendered":"Ubicaci\u00f3n"},"content":{"rendered":"\n<p><\/p>\n\n\n\n<h4 class=\"wp-block-heading has-text-align-center has-sixth-color has-text-color\" style=\"margin-top:var(--wp--preset--spacing--50);margin-right:var(--wp--preset--spacing--40);margin-bottom:var(--wp--preset--spacing--50);margin-left:var(--wp--preset--spacing--40)\"><strong>\u00bfC\u00f3mo llegar a la Escuela Rosario Mar\u00eda Guti\u00e9rrez Eskildsen?<\/strong> <\/h4>\n\n\n\n<p class=\"has-text-align-center has-tiny-font-size\" style=\"margin-top:var(--wp--preset--spacing--20);margin-right:var(--wp--preset--spacing--80);margin-bottom:var(--wp--preset--spacing--20);margin-left:var(--wp--preset--spacing--80)\">Si est\u00e1s interesado en visitar nuestra instituci\u00f3n, <br>puedes acceder a su ubicaci\u00f3n dando clic en el siguiente mapa, <br>busca la opci\u00f3n<em> &#8220;c\u00f3mo llegar<\/em>&#8220;, activa la ubicaci\u00f3n en tu dispositivo m\u00f3vil y clic en iniciar.<\/p>\n\n\n\n<div class=\"wp-block-columns is-style-customboxshadowhover is-layout-flex wp-container-core-columns-is-layout-ec2e7a44 wp-block-columns-is-layout-flex\" style=\"padding-top:0;padding-bottom:0\">\n<div class=\"wp-block-column is-layout-flow wp-block-column-is-layout-flow\">\n<p><\/p>\n\n\n\n<div class=\"wp-block-columns is-layout-flex wp-container-core-columns-is-layout-28f84493 wp-block-columns-is-layout-flex\">\n<div class=\"wp-block-column is-layout-flow wp-block-column-is-layout-flow\">\n<div class=\"wp-block-columns is-layout-flex wp-container-core-columns-is-layout-28f84493 wp-block-columns-is-layout-flex\">\n<div class=\"wp-block-column is-layout-flow wp-block-column-is-layout-flow\" style=\"flex-basis:15%\"><\/div>\n\n\n\n<div class=\"wp-block-column is-layout-flow wp-block-column-is-layout-flow\" style=\"flex-basis:70%\">\n<iframe src=\"https:\/\/www.google.com\/maps\/embed?pb=!1m18!1m12!1m3!1d1080.37645956178!2d-92.93785007621807!3d17.986781203739497!2m3!1f0!2f0!3f0!3m2!1i1024!2i768!4f13.1!3m3!1m2!1s0x85edd94b1b5e373f%3A0xdb7c4a9460fe263c!2sEscuela%20Normal%20Primaria%20Rosario%20Mar%C3%ADa%20Guti%C3%A9rrez%20Eskildsen!5e0!3m2!1ses!2smx!4v1745179482885!5m2!1ses!2smx\" width=\"100%\" height=\"500\" style=\"border:0;\" allowfullscreen=\"\" loading=\"lazy\" referrerpolicy=\"no-referrer-when-downgrade\"><\/iframe>\n<\/div>\n\n\n\n<div class=\"wp-block-column is-layout-flow wp-block-column-is-layout-flow\" style=\"flex-basis:15%\"><\/div>\n<\/div>\n<\/div>\n<\/div>\n<\/div>\n<\/div>\n","protected":false},"excerpt":{"rendered":"<p>\u00bfC\u00f3mo llegar a la Escuela Rosario Mar\u00eda Guti\u00e9rrez Eskildsen? Si est\u00e1s interesado en visitar nuestra instituci\u00f3n, puedes acceder a su ubicaci\u00f3n dando clic en el siguiente mapa, busca la opci\u00f3n &#8220;c\u00f3mo llegar&#8220;, activa la ubicaci\u00f3n en tu dispositivo m\u00f3vil y clic en iniciar.<\/p>\n","protected":false},"author":1,"featured_media":0,"parent":0,"menu_order":0,"comment_status":"closed","ping_status":"closed","template":"","meta":{"_eb_attr":"","h5ap_radio_sources":[],"footnotes":""},"class_list":["post-291","page","type-page","status-publish","hentry"],"_links":{"self":[{"href":"https:\/\/normaleskildsen.mx\/eduprimaria\/wp-json\/wp\/v2\/pages\/291","targetHints":{"allow":["GET"]}}],"collection":[{"href":"https:\/\/normaleskildsen.mx\/eduprimaria\/wp-json\/wp\/v2\/pages"}],"about":[{"href":"https:\/\/normaleskildsen.mx\/eduprimaria\/wp-json\/wp\/v2\/types\/page"}],"author":[{"embeddable":true,"href":"https:\/\/normaleskildsen.mx\/eduprimaria\/wp-json\/wp\/v2\/users\/1"}],"replies":[{"embeddable":true,"href":"https:\/\/normaleskildsen.mx\/eduprimaria\/wp-json\/wp\/v2\/comments?post=291"}],"version-history":[{"count":14,"href":"https:\/\/normaleskildsen.mx\/eduprimaria\/wp-json\/wp\/v2\/pages\/291\/revisions"}],"predecessor-version":[{"id":1404,"href":"https:\/\/normaleskildsen.mx\/eduprimaria\/wp-json\/wp\/v2\/pages\/291\/revisions\/1404"}],"wp:attachment":[{"href":"https:\/\/normaleskildsen.mx\/eduprimaria\/wp-json\/wp\/v2\/media?parent=291"}],"curies":[{"name":"wp","href":"https:\/\/api.w.org\/{rel}","templated":true}]}}