{"id":2543,"date":"2025-07-18T04:10:06","date_gmt":"2025-07-18T04:10:06","guid":{"rendered":"https:\/\/normaleskildsen.mx\/eduprimaria\/?page_id=2543"},"modified":"2026-03-24T15:41:51","modified_gmt":"2026-03-24T15:41:51","slug":"documentos-normativos","status":"publish","type":"page","link":"https:\/\/normaleskildsen.mx\/eduprimaria\/documentos-normativos\/","title":{"rendered":"Documentos normativos"},"content":{"rendered":"\n<div class=\"wp-block-columns is-layout-flex wp-container-core-columns-is-layout-28f84493 wp-block-columns-is-layout-flex\">\n<div class=\"wp-block-column is-layout-flow wp-block-column-is-layout-flow\" style=\"flex-basis:25%\"><\/div>\n\n\n\n<div class=\"wp-block-column is-layout-flow wp-block-column-is-layout-flow\" style=\"flex-basis:50%\"><\/div>\n\n\n\n<div class=\"wp-block-column is-layout-flow wp-block-column-is-layout-flow\" style=\"flex-basis:25%\"><\/div>\n<\/div>\n\n\n\n<div class=\"wp-block-columns is-layout-flex wp-container-core-columns-is-layout-28f84493 wp-block-columns-is-layout-flex\">\n<div class=\"wp-block-column is-layout-flow wp-block-column-is-layout-flow\" style=\"flex-basis:10%\"><\/div>\n\n\n\n<div class=\"wp-block-column is-layout-flow wp-block-column-is-layout-flow\" style=\"flex-basis:80%\">\n<p class=\"has-eighth-color has-text-color has-link-color has-tiny-font-size wp-elements-a6a3fbb4b7598ec80d2981d27bb57043\">La Normateca Institucional re\u00fane los documentos normativos que rigen la vida acad\u00e9mica, administrativa y formativa de la Escuela Rosario Mar\u00eda Guti\u00e9rrez Eskildsen. Aqu\u00ed se encuentran disponibles los reglamentos, lineamientos, acuerdos y disposiciones que garantizan el orden, la transparencia y la calidad en el funcionamiento de nuestra instituci\u00f3n.<\/p>\n\n\n\n<div class=\"wp-block-essential-blocks-button  root-eb-button-06qmi\"><div class=\"eb-parent-wrapper eb-parent-eb-button-06qmi \"><div class=\"eb-button-wrapper eb-button-alignment eb-button-06qmi\"><div class=\"eb-button\"><div class=\"eb-button-inner-wrapper \"><a class=\"eb-button-anchor  \" href=\"\" rel=\"noopener\">Manual de Organizaci\u00f3n<\/a><\/div><\/div><\/div><\/div><\/div>\n\n\n\n<div class=\"wp-block-essential-blocks-button  root-eb-button-hj82a\"><div class=\"eb-parent-wrapper eb-parent-eb-button-hj82a \"><div class=\"eb-button-wrapper eb-button-alignment eb-button-hj82a\"><div class=\"eb-button\"><div class=\"eb-button-inner-wrapper \"><a class=\"eb-button-anchor  \" href=\"\" rel=\"noopener\">Reglamento Interno del Consejo Acad\u00e9mico<\/a><\/div><\/div><\/div><\/div><\/div>\n\n\n\n<div class=\"wp-block-essential-blocks-button  root-eb-button-ss3g4\"><div class=\"eb-parent-wrapper eb-parent-eb-button-ss3g4 \"><div class=\"eb-button-wrapper eb-button-alignment eb-button-ss3g4\"><div class=\"eb-button\"><div class=\"eb-button-inner-wrapper \"><a class=\"eb-button-anchor  \" href=\"https:\/\/normaleskildsen.mx\/documentos\/ReglamentoEscolarInterno.pdf\" rel=\"noopener\">Reglamento Escolar Interno<\/a><\/div><\/div><\/div><\/div><\/div>\n\n\n\n<div class=\"wp-block-essential-blocks-button  root-eb-button-aas46\"><div class=\"eb-parent-wrapper eb-parent-eb-button-aas46 \"><div class=\"eb-button-wrapper eb-button-alignment eb-button-aas46\"><div class=\"eb-button\"><div class=\"eb-button-inner-wrapper \"><a class=\"eb-button-anchor  \" href=\"https:\/\/normaleskildsen.mx\/eduprimaria\/wp-content\/uploads\/2025\/08\/Proyecto-directivo.pdf\" rel=\"noopener\">Proyecto Directivo 2025<\/a><\/div><\/div><\/div><\/div><\/div>\n\n\n\n<div class=\"wp-block-essential-blocks-button  root-eb-button-pp5j7\"><div class=\"eb-parent-wrapper eb-parent-eb-button-pp5j7 \"><div class=\"eb-button-wrapper eb-button-alignment eb-button-pp5j7\"><div class=\"eb-button\"><div class=\"eb-button-inner-wrapper \"><a class=\"eb-button-anchor  \" href=\"https:\/\/normaleskildsen.mx\/documentos\/CeroTolerancia.pdf\" rel=\"noopener\">Pronunciamiento Cero Tolerancia<\/a><\/div><\/div><\/div><\/div><\/div>\n\n\n\n<div class=\"wp-block-essential-blocks-button  root-eb-button-7ovtf\"><div class=\"eb-parent-wrapper eb-parent-eb-button-7ovtf \"><div class=\"eb-button-wrapper eb-button-alignment eb-button-7ovtf\"><div class=\"eb-button\"><div class=\"eb-button-inner-wrapper \"><a class=\"eb-button-anchor  \" href=\"https:\/\/normaleskildsen.mx\/documentos\/Econormales.png\" rel=\"noopener\">Pronunciamiento ECO Normales<\/a><\/div><\/div><\/div><\/div><\/div>\n\n\n\n<p><\/p>\n\n\n\n<p><\/p>\n\n\n\n<p><\/p>\n\n\n\n<p><\/p>\n\n\n\n<p><\/p>\n\n\n\n<p><\/p>\n<\/div>\n\n\n\n<div class=\"wp-block-column is-layout-flow wp-block-column-is-layout-flow\" style=\"flex-basis:10%\"><\/div>\n<\/div>\n\n\n\n<p><\/p>\n","protected":false},"excerpt":{"rendered":"<p>La Normateca Institucional re\u00fane los documentos normativos que rigen la vida acad\u00e9mica, administrativa y formativa de la Escuela Rosario Mar\u00eda Guti\u00e9rrez Eskildsen. Aqu\u00ed se encuentran disponibles los reglamentos, lineamientos, acuerdos y disposiciones que garantizan el orden, la transparencia y la calidad en el funcionamiento de nuestra instituci\u00f3n.<\/p>\n","protected":false},"author":1,"featured_media":0,"parent":0,"menu_order":0,"comment_status":"closed","ping_status":"closed","template":"","meta":{"_eb_attr":"","h5ap_radio_sources":[],"footnotes":""},"class_list":["post-2543","page","type-page","status-publish","hentry"],"_links":{"self":[{"href":"https:\/\/normaleskildsen.mx\/eduprimaria\/wp-json\/wp\/v2\/pages\/2543","targetHints":{"allow":["GET"]}}],"collection":[{"href":"https:\/\/normaleskildsen.mx\/eduprimaria\/wp-json\/wp\/v2\/pages"}],"about":[{"href":"https:\/\/normaleskildsen.mx\/eduprimaria\/wp-json\/wp\/v2\/types\/page"}],"author":[{"embeddable":true,"href":"https:\/\/normaleskildsen.mx\/eduprimaria\/wp-json\/wp\/v2\/users\/1"}],"replies":[{"embeddable":true,"href":"https:\/\/normaleskildsen.mx\/eduprimaria\/wp-json\/wp\/v2\/comments?post=2543"}],"version-history":[{"count":8,"href":"https:\/\/normaleskildsen.mx\/eduprimaria\/wp-json\/wp\/v2\/pages\/2543\/revisions"}],"predecessor-version":[{"id":4488,"href":"https:\/\/normaleskildsen.mx\/eduprimaria\/wp-json\/wp\/v2\/pages\/2543\/revisions\/4488"}],"wp:attachment":[{"href":"https:\/\/normaleskildsen.mx\/eduprimaria\/wp-json\/wp\/v2\/media?parent=2543"}],"curies":[{"name":"wp","href":"https:\/\/api.w.org\/{rel}","templated":true}]}}