{"id":2531,"date":"2025-07-18T03:48:25","date_gmt":"2025-07-18T03:48:25","guid":{"rendered":"https:\/\/normaleskildsen.mx\/eduprimaria\/?page_id=2531"},"modified":"2025-07-18T04:10:22","modified_gmt":"2025-07-18T04:10:22","slug":"normateca","status":"publish","type":"page","link":"https:\/\/normaleskildsen.mx\/eduprimaria\/normateca\/","title":{"rendered":"Compendio normativo interno"},"content":{"rendered":"\n<div class=\"wp-block-columns is-layout-flex wp-container-core-columns-is-layout-28f84493 wp-block-columns-is-layout-flex\">\n<div class=\"wp-block-column is-layout-flow wp-block-column-is-layout-flow\"><\/div>\n<\/div>\n\n\n\n<div class=\"wp-block-columns is-layout-flex wp-container-core-columns-is-layout-28f84493 wp-block-columns-is-layout-flex\">\n<div class=\"wp-block-column is-layout-flow wp-block-column-is-layout-flow\">\n<div class=\"wp-block-columns is-layout-flex wp-container-core-columns-is-layout-28f84493 wp-block-columns-is-layout-flex\">\n<div class=\"wp-block-column is-layout-flow wp-block-column-is-layout-flow\" style=\"flex-basis:10%\"><\/div>\n\n\n\n<div class=\"wp-block-column is-layout-flow wp-block-column-is-layout-flow\" style=\"flex-basis:80%\">\n<p class=\"has-eighth-color has-text-color has-link-color has-tiny-font-size wp-elements-a6a3fbb4b7598ec80d2981d27bb57043\">La Normateca Institucional re\u00fane los documentos normativos que rigen la vida acad\u00e9mica, administrativa y formativa de la Escuela Rosario Mar\u00eda Guti\u00e9rrez Eskildsen. Aqu\u00ed se encuentran disponibles los reglamentos, lineamientos, acuerdos y disposiciones que garantizan el orden, la transparencia y la calidad en el funcionamiento de nuestra instituci\u00f3n.<\/p>\n\n\n\n<p class=\"has-eighth-color has-text-color has-link-color has-tiny-font-size wp-elements-c8e86f536f8e0dbf2ff59b69e2a235bb\">En este apartado, el personal de la instituci\u00f3n podr\u00e1 acceder a los siguientes documentos:<\/p>\n\n\n\n<ul class=\"wp-block-list\">\n<li class=\"has-tiny-font-size\">Reglamentos Generales<\/li>\n\n\n\n<li class=\"has-tiny-font-size\">Lineamientos Acad\u00e9micos y Administrativos<\/li>\n\n\n\n<li class=\"has-tiny-font-size\">C\u00f3digos y Protocolos Institucionales<\/li>\n\n\n\n<li class=\"has-tiny-font-size\">Acuerdos y Disposiciones Complementarias<\/li>\n<\/ul>\n\n\n\n<p class=\"has-tiny-font-size\">El cumplimiento de la normatividad institucional fortalece la formaci\u00f3n de docentes comprometidos con la legalidad, la \u00e9tica profesional y la mejora continua. Esta normateca constituye un recurso de consulta permanente para estudiantes, docentes y personal directivo.<\/p>\n\n\n\n<div class=\"wp-block-columns is-layout-flex wp-container-core-columns-is-layout-28f84493 wp-block-columns-is-layout-flex\">\n<div class=\"wp-block-column is-layout-flow wp-block-column-is-layout-flow\"><\/div>\n\n\n\n<div class=\"wp-block-column is-layout-flow wp-block-column-is-layout-flow\">\n<div class=\"wp-block-buttons is-content-justification-center is-layout-flex wp-container-core-buttons-is-layout-a89b3969 wp-block-buttons-is-layout-flex\">\n<div class=\"wp-block-button is-style-fill\"><a class=\"wp-block-button__link has-sixth-background-color has-background has-tiny-font-size has-custom-font-size wp-element-button\" href=\"https:\/\/normaleskildsen.mx\/eduprimaria\/documentos-normativos\/\">Accede<\/a><\/div>\n<\/div>\n<\/div>\n\n\n\n<div class=\"wp-block-column is-layout-flow wp-block-column-is-layout-flow\"><\/div>\n<\/div>\n<\/div>\n\n\n\n<div class=\"wp-block-column is-layout-flow wp-block-column-is-layout-flow\" style=\"flex-basis:10%\"><\/div>\n<\/div>\n<\/div>\n<\/div>\n\n\n\n<p><\/p>\n","protected":false},"excerpt":{"rendered":"<p>La Normateca Institucional re\u00fane los documentos normativos que rigen la vida acad\u00e9mica, administrativa y formativa de la Escuela Rosario Mar\u00eda Guti\u00e9rrez Eskildsen. Aqu\u00ed se encuentran disponibles los reglamentos, lineamientos, acuerdos y disposiciones que garantizan el orden, la transparencia y la calidad en el funcionamiento de nuestra instituci\u00f3n. En este apartado, el personal de la instituci\u00f3n podr\u00e1 acceder a los siguientes documentos: El cumplimiento de la normatividad institucional fortalece la formaci\u00f3n de docentes comprometidos con la legalidad, la \u00e9tica profesional y la mejora continua. Esta normateca constituye un recurso de consulta permanente para estudiantes, docentes y personal directivo.<\/p>\n","protected":false},"author":1,"featured_media":0,"parent":0,"menu_order":0,"comment_status":"closed","ping_status":"closed","template":"","meta":{"_eb_attr":"","h5ap_radio_sources":[],"footnotes":""},"class_list":["post-2531","page","type-page","status-publish","hentry"],"_links":{"self":[{"href":"https:\/\/normaleskildsen.mx\/eduprimaria\/wp-json\/wp\/v2\/pages\/2531","targetHints":{"allow":["GET"]}}],"collection":[{"href":"https:\/\/normaleskildsen.mx\/eduprimaria\/wp-json\/wp\/v2\/pages"}],"about":[{"href":"https:\/\/normaleskildsen.mx\/eduprimaria\/wp-json\/wp\/v2\/types\/page"}],"author":[{"embeddable":true,"href":"https:\/\/normaleskildsen.mx\/eduprimaria\/wp-json\/wp\/v2\/users\/1"}],"replies":[{"embeddable":true,"href":"https:\/\/normaleskildsen.mx\/eduprimaria\/wp-json\/wp\/v2\/comments?post=2531"}],"version-history":[{"count":4,"href":"https:\/\/normaleskildsen.mx\/eduprimaria\/wp-json\/wp\/v2\/pages\/2531\/revisions"}],"predecessor-version":[{"id":2545,"href":"https:\/\/normaleskildsen.mx\/eduprimaria\/wp-json\/wp\/v2\/pages\/2531\/revisions\/2545"}],"wp:attachment":[{"href":"https:\/\/normaleskildsen.mx\/eduprimaria\/wp-json\/wp\/v2\/media?parent=2531"}],"curies":[{"name":"wp","href":"https:\/\/api.w.org\/{rel}","templated":true}]}}