{"id":2078,"date":"2025-06-17T17:53:06","date_gmt":"2025-06-17T17:53:06","guid":{"rendered":"https:\/\/normaleskildsen.mx\/eduprimaria\/?page_id=2078"},"modified":"2025-11-22T18:14:19","modified_gmt":"2025-11-22T18:14:19","slug":"plan-de-estudio","status":"publish","type":"page","link":"https:\/\/normaleskildsen.mx\/eduprimaria\/plan-de-estudio\/","title":{"rendered":"Plan de estudios"},"content":{"rendered":"\n<p><\/p>\n\n\n\n<div class=\"wp-block-columns is-layout-flex wp-container-core-columns-is-layout-28f84493 wp-block-columns-is-layout-flex\">\n<div class=\"wp-block-column is-layout-flow wp-block-column-is-layout-flow\" style=\"flex-basis:10%\"><\/div>\n\n\n\n<div class=\"wp-block-column is-layout-flow wp-block-column-is-layout-flow\" style=\"flex-basis:80%\">\n<p>La egresada y el egresado de esta licenciatura es un profesional de la educaci\u00f3n con s\u00f3lida formaci\u00f3n pedag\u00f3gica, did\u00e1ctica y disciplinar, capaz de planificar, desarrollar y evaluar su pr\u00e1ctica docente en contextos presenciales, h\u00edbridos y a distancia. Conoce el marco normativo del Sistema Educativo Nacional, asume principios \u00e9ticos y legales, y adapta su ense\u00f1anza a las realidades locales, regionales y globales. Promueve ambientes de aprendizaje inclusivos y centrados en las y los estudiantes, dise\u00f1ando estrategias que consideran su desarrollo cognitivo, f\u00edsico, emocional y sociocultural.<\/p>\n\n\n\n<p>Adem\u00e1s, se desempe\u00f1a como agente de transformaci\u00f3n social, comprometido con la justicia, la equidad y la dignidad. Reflexiona cr\u00edticamente sobre su pr\u00e1ctica, valora la investigaci\u00f3n educativa, y fomenta comunidades de aprendizaje desde el respeto, la interculturalidad, la equidad de g\u00e9nero y el cuidado del medio ambiente. Se comunica en lenguas nacionales, extranjeras y sistemas alternativos, hace uso \u00e9tico y creativo de las tecnolog\u00edas, y promueve en su estudiantado el pensamiento cr\u00edtico, la creatividad, la expresi\u00f3n art\u00edstica y la conciencia social.<\/p>\n\n\n\n<p>Te invitamos a conocer los cursos de cada uno de los semestres a cursar.<\/p>\n<\/div>\n\n\n\n<div class=\"wp-block-column is-layout-flow wp-block-column-is-layout-flow\" style=\"flex-basis:10%\"><\/div>\n<\/div>\n\n\n\n<div class=\"wp-block-columns is-layout-flex wp-container-core-columns-is-layout-28f84493 wp-block-columns-is-layout-flex\">\n<div class=\"wp-block-column is-layout-flow wp-block-column-is-layout-flow\" style=\"flex-basis:10%\"><\/div>\n\n\n\n<div class=\"wp-block-column is-layout-flow wp-block-column-is-layout-flow\" style=\"flex-basis:80%\">\n<style>\n.timeline {\n  display: flex;\n  flex-wrap: wrap;\n  gap: 20px;\n  justify-content: center;\n  padding: 20px;\n}\n.timeline-segment {\n  background: #f4f4f4;\n  border-left: 4px solid #005ea2;\n  padding: 20px;\n  border-radius: 8px;\n  width: 45%;\n  min-height: 200px;\n  transition: transform 0.3s ease;\n}\n.timeline-segment:hover {\n  transform: scale(1.03);\n  background: #e0ecf9;\n}\n.timeline-segment h3 {\n  margin-top: 0;\n  color: #005ea2;\n}\n.timeline-segment ul {\n  padding-left: 20px;\n}\n.timeline-segment ul li a {\n  text-decoration: none;\n  color: #333;\n}\n.timeline-segment ul li a:hover {\n  text-decoration: underline;\n  color: #005ea2;\n}\n<\/style>\n\n<div class=\"timeline\">\n\n<!-- SEMESTRE 1 -->\n<div class=\"timeline-segment\">\n<h3>Semestre 1<\/h3>\n<ul>\n<li><a href=\"https:\/\/normaleskildsen.mx\/documentos\/programas\/El%20sujeto%20y%20su%20formacio\u0301n%20profesional%20.pdf\" target=\"_blank\">El sujeto y su formaci\u00f3n profesional<\/a><\/li>\n<li><a href=\"https:\/\/normaleskildsen.mx\/documentos\/programas\/Bases%20filoso\u0301ficas%2C%20legales%20y%20organizativas%20del%20sistema%20educativo%20mexicano.pdf\" target=\"_blank\">Bases filos\u00f3ficas, legales y organizativas del sistema educativo mexicano<\/a><\/li>\n<li><a href=\"https:\/\/normaleskildsen.mx\/documentos\/programas\/Teori\u0301as%20del%20desarrollo%20y%20aprendizaje.pdf\" target=\"_blank\">Teor\u00edas del desarrollo y aprendizaje<\/a><\/li>\n<li><a href=\"https:\/\/normaleskildsen.mx\/documentos\/programas\/Acercamiento%20a%20pra\u0301cticas%20educativas%20y%20comunitarias.pdf\" target=\"_blank\">Acercamiento a pr\u00e1cticas educativas y comunitarias<\/a><\/li>\n<li><a href=\"https:\/\/normaleskildsen.mx\/documentos\/programas\/Aritme\u0301tica.%20Su%20aprendizaje%20y%20su%20ensen\u0303anza.pdf\" target=\"_blank\">Aritm\u00e9tica. Su aprendizaje y su ense\u00f1anza<\/a><\/li>\n<li><a href=\"https:\/\/normaleskildsen.mx\/documentos\/programas\/Lenguaje%20y%20comunicacio\u0301n.pdf\" target=\"_blank\">Lenguaje y comunicaci\u00f3n<\/a><\/li>\n<li><a href=\"https:\/\/normaleskildsen.mx\/documentos\/programas\/Ciencias%20Naturales.%20Su%20aprendizaje%20y%20su%20ensen\u0303anza.pdf\" target=\"_blank\">Ciencias Naturales. Su aprendizaje y su ense\u00f1anza<\/a><\/li>\n<li><a href=\"https:\/\/normaleskildsen.mx\/documentos\/programas\/Tecnologi\u0301as%20digitales%20para%20el%20aprendizaje%20y%20la%20ensen\u0303anza.pdf\" target=\"_blank\">Tecnolog\u00edas digitales para el aprendizaje y la ense\u00f1anza<\/a><\/li>\n<\/ul>\n<\/div>\n\n<!-- SEMESTRE 2 -->\n<div class=\"timeline-segment\">\n<h3>Semestre 2<\/h3>\n<ul>\n<li><a href=\"https:\/\/normaleskildsen.mx\/documentos\/programas\/Filosofi\u0301a%20y%20sociologi\u0301a%20de%20la%20educacio\u0301n.pdf\" target=\"_blank\">Filosof\u00eda y sociolog\u00eda de la educaci\u00f3n<\/a><\/li>\n<li><a href=\"https:\/\/normaleskildsen.mx\/documentos\/programas\/Desarrollo%20socioemocional%20y%20aprendizaje.pdf\" target=\"_blank\">Desarrollo socioemocional y aprendizaje<\/a><\/li>\n<li><a href=\"https:\/\/normaleskildsen.mx\/documentos\/programas\/Planeacio\u0301n%20para%20la%20ensen\u0303anza%20y%20evaluacio\u0301n%20de%20los%20aprendizajes.pdf\" target=\"_blank\">Planeaci\u00f3n para la ense\u00f1anza y evaluaci\u00f3n de los aprendizajes<\/a><\/li>\n<li><a href=\"https:\/\/normaleskildsen.mx\/documentos\/programas\/Ana\u0301lisis%20de%20pra\u0301cticas%20y%20contextos%20escolares.pdf\" target=\"_blank\">An\u00e1lisis de pr\u00e1cticas y contextos escolares<\/a><\/li>\n<li><a href=\"https:\/\/normaleskildsen.mx\/documentos\/programas\/%20A\u0301lgebra.%20Su%20aprendizaje%20y%20su%20ensen\u0303anza.pdf\" target=\"_blank\">\u00c1lgebra. Su aprendizaje y su ense\u00f1anza<\/a><\/li>\n<li><a href=\"https:\/\/normaleskildsen.mx\/documentos\/programas\/Literatura%20y%20mediacio\u0301n%20lectora.pdf\" target=\"_blank\">Literatura y mediaci\u00f3n lectora<\/a><\/li>\n<li><a href=\"https:\/\/normaleskildsen.mx\/documentos\/programas\/Geografi\u0301a.%20Su%20aprendizaje%20y%20su%20ensen\u0303anza.pdf\" target=\"_blank\">Geograf\u00eda. Su aprendizaje y su ense\u00f1anza<\/a><\/li>\n<li><a href=\"https:\/\/normaleskildsen.mx\/documentos\/programas\/Entornos%20virtuales%20de%20aprendizaje%20para%20la%20educacio\u0301n%20hi\u0301brida.%20Su%20pedagogi\u0301a%20y%20dida\u0301ctica.pdf\" target=\"_blank\">Entornos virtuales de aprendizaje para la educaci\u00f3n h\u00edbrida. Su pedagog\u00eda y did\u00e1ctica<\/a><\/li>\n<\/ul>\n<\/div>\n\n<!-- SEMESTRE 3 -->\n<div class=\"timeline-segment\">\n<h3>Semestre 3<\/h3>\n<ul>\n<li><a href=\"https:\/\/normaleskildsen.mx\/eduprimaria\/wp-content\/uploads\/2025\/11\/3ro.-Modelos-educativos-de-la-escuela-mexicana.pdf\" target=\"_blank\">FC Modelos educativos de la escuela mexicana<\/a><\/li>\n\n<li><a href=\"https:\/\/normaleskildsen.mx\/documentos\/programas\/Pedagogi\u0301as%20situadas%20globalizadoras.pdf\" target=\"_blank\">Pedagog\u00edas situadas globalizadoras<\/a><\/li>\n<li><a href=\"https:\/\/normaleskildsen.mx\/documentos\/programas\/Intervencio\u0301n%20dida\u0301ctico-pedago\u0301gica%20y%20trabajo%20docente.pdf\" target=\"_blank\">Intervenci\u00f3n did\u00e1ctico-pedag\u00f3gica y trabajo docente<\/a><\/li>\n<li><a href=\"https:\/\/normaleskildsen.mx\/documentos\/programas\/Geometri\u0301a.%20Su%20aprendizaje%20y%20su%20ensen\u0303anza.pdf\" target=\"_blank\">Geometr\u00eda. Su aprendizaje y su ense\u00f1anza<\/a><\/li>\n<li><a href=\"https:\/\/normaleskildsen.mx\/documentos\/programas\/Desarrollo%20de%20la%20literacidad.pdf\" target=\"_blank\">Desarrollo de la literacidad<\/a><\/li>\n<li><a href=\"https:\/\/normaleskildsen.mx\/documentos\/programas\/Historia.%20Su%20aprendizaje%20y%20su%20ensen\u0303anza.pdf\" target=\"_blank\">Historia. Su aprendizaje y su ense\u00f1anza<\/a><\/li>\n<li><a href=\"https:\/\/normaleskildsen.mx\/documentos\/programas\/Lengua%20de%20sen\u0303as%20mexicana.pdf\" target=\"_blank\">Lengua de se\u00f1as mexicana<\/a><\/li>\n<li><a href=\"https:\/\/normaleskildsen.mx\/documentos\/programas\/Ingle\u0301s.%20Inicio%20de%20la%20comunicacio\u0301n%20ba\u0301sica.pdf\" target=\"_blank\">Ingl\u00e9s. Inicio de la comunicaci\u00f3n b\u00e1sica<\/a><\/li>\n<\/ul>\n<\/div>\n\n<!-- SEMESTRE 4 -->\n<div class=\"timeline-segment\">\n<h3>Semestre 4<\/h3>\n<ul>\n<li><a href=\"https:\/\/normaleskildsen.mx\/eduprimaria\/wp-content\/uploads\/2025\/11\/4to.-Pensamiento-filosofico-infantil.pdf\" target=\"_blank\">FC Pensamiento Filos\u00f3fico Infantil<\/a><\/li>\n\n<li><a href=\"https:\/\/normaleskildsen.mx\/documentos\/programas\/Pedagogi\u0301a%20y%20dida\u0301ctica%20del%20aula%20multigrado.pdf\" target=\"_blank\">Pedagog\u00eda y did\u00e1ctica del aula multigrado<\/a><\/li>\n<li><a href=\"https:\/\/normaleskildsen.mx\/documentos\/programas\/Interculturalidad%20cri\u0301tica%20e%20inclusio\u0301n.pdf\" target=\"_blank\">Interculturalidad cr\u00edtica e inclusi\u00f3n<\/a><\/li>\n<li><a href=\"https:\/\/normaleskildsen.mx\/documentos\/programas\/Estrategias%20de%20trabajo%20docente%20y%20saberes%20pedago\u0301gicos.pdf\" target=\"_blank\">Estrategias de trabajo docente y saberes pedag\u00f3gicos<\/a><\/li>\n<li><a href=\"https:\/\/normaleskildsen.mx\/documentos\/programas\/Mu\u0301sica%2C%20expresio\u0301n%20corporal%20y%20danza.pdf\" target=\"_blank\">M\u00fasica, expresi\u00f3n corporal y danza<\/a><\/li>\n<li><a href=\"https:\/\/normaleskildsen.mx\/documentos\/programas\/Educacio\u0301n%20fi\u0301sica%20y%20salud.pdf\" target=\"_blank\">Educaci\u00f3n f\u00edsica y salud<\/a><\/li>\n<li><a href=\"https:\/\/normaleskildsen.mx\/documentos\/programas\/Formacio\u0301n%20ci\u0301vica%20y%20e\u0301tica.%20Su%20aprendizaje%20y%20su%20ensen\u0303anza.pdf\" target=\"_blank\">Formaci\u00f3n c\u00edvica y \u00e9tica. Su aprendizaje y su ense\u00f1anza<\/a><\/li>\n<li><a href=\"https:\/\/normaleskildsen.mx\/documentos\/programas\/Ingle\u0301s.%20Desarrollo%20de%20conversaciones%20elementales.pdf\" target=\"_blank\">Ingl\u00e9s. Desarrollo de conversaciones elementales<\/a><\/li>\n<\/ul>\n<\/div>\n\n<!-- SEMESTRE 5 -->\n<div class=\"timeline-segment\">\n<h3>Semestre 5<\/h3>\n<ul>\n\n<li><a href=\"https:\/\/normaleskildsen.mx\/eduprimaria\/wp-content\/uploads\/2025\/11\/5to.-Cultura-fisica-y-deporte-escolar.pdf\" target=\"_blank\">FC Cultura f\u00edsica y deporte escolar<\/a><\/li>\n\n<li><a href=\"https:\/\/normaleskildsen.mx\/eduprimaria\/wp-content\/uploads\/2025\/11\/5to.-Estrategias-y-herramietnas-efectivas-en-aula-multigrado.pdf\" target=\"_blank\">FC Estrategias y herramientas efectivas en aulas multigrado<\/a><\/li>\n\n<li><a href=\"https:\/\/normaleskildsen.mx\/eduprimaria\/wp-content\/uploads\/2025\/11\/5to.-Historia-y-geografia-de-la-entidad-RMGE-ENEP_HISTORIA-Y-GEOGRAFIA-DE-LA-ENTIDAD.-SU-APRENDIZAJE-Y-SU-ENSENANZA-QUINTO-SEMESTRE.pdf\" target=\"_blank\">FC Historia y Geograf\u00eda de la entidad<\/a><\/li>\n\n<li><a href=\"https:\/\/normaleskildsen.mx\/documentos\/programas\/Investigacio\u0301n%20e%20innovacio\u0301n%20de%20la%20pra\u0301ctica%20docente.pdf\" target=\"_blank\">Investigaci\u00f3n e innovaci\u00f3n de la pr\u00e1ctica docente<\/a><\/li>\n\n<li><a href=\"https:\/\/normaleskildsen.mx\/eduprimaria\/wp-content\/uploads\/2025\/11\/5to.-Ingles-intermedio-de-informacion-e-ideas.pdf\" target=\"_blank\">FC Ingl\u00e9s. Intercambio de informaci\u00f3n e ideas<\/a><\/li>\n\n<li><a href=\"https:\/\/normaleskildsen.mx\/eduprimaria\/wp-content\/uploads\/2025\/11\/5to.-Probabilidad-y-estadistica-su-aprendizaje-y-su-ensenanza.pdf\" target=\"_blank\">FC Probabilidad y estad\u00edstica<\/a><\/li>\n\n<li><a href=\"https:\/\/normaleskildsen.mx\/eduprimaria\/wp-content\/uploads\/2025\/11\/5to.-Problemas-y-desafios-de-la-educacion-en-Mexico.pdf\" target=\"_blank\">FC Problemas y desaf\u00edos de la educaci\u00f3n en M\u00e9xico<\/a><\/li>\n\n<li><a href=\"https:\/\/normaleskildsen.mx\/eduprimaria\/wp-content\/uploads\/2025\/11\/5to.-Seminario-de-investigacion.pdf\" target=\"_blank\">FC Seminario de investigaci\u00f3n<\/a><\/li>\n\n<\/ul>\n<\/div>\n\n<!-- SEMESTRE 6 -->\n<div class=\"timeline-segment\">\n<h3>Semestre 6<\/h3>\n<ul>\n\n<li><a href=\"https:\/\/normaleskildsen.mx\/eduprimaria\/wp-content\/uploads\/2025\/11\/6to.-Adecuacion-curricular.pdf\" target=\"_blank\">FC Adecuaci\u00f3n curricular<\/a><\/li>\n\n<li><a href=\"https:\/\/normaleskildsen.mx\/eduprimaria\/wp-content\/uploads\/2025\/11\/6to.-Cuidado-del-medio-ambiente.-Desarrollo-sustentable.pdf\" target=\"_blank\">FC Cuidado del medio ambiente. Desarrollo sustentable<\/a><\/li>\n\n<li><a href=\"https:\/\/normaleskildsen.mx\/eduprimaria\/wp-content\/uploads\/2025\/11\/6to.-Estrategias-de-la-psicologia-educativa-aplicadas-en-el-aula.pdf\" target=\"_blank\">FC Estrategias de la psicolog\u00eda educativa aplicadas en el aula<\/a><\/li>\n\n<li><a href=\"https:\/\/normaleskildsen.mx\/documentos\/programas\/Pra\u0301ctica%20docente%20y%20proyectos%20de%20mejora%20escolar%20y%20comunitaria.pdf\" target=\"_blank\">Pr\u00e1ctica docente y proyectos de mejora escolar y comunitaria<\/a><\/li>\n\n<li><a href=\"https:\/\/normaleskildsen.mx\/eduprimaria\/wp-content\/uploads\/2025\/11\/6to.-Gestion-educativa-y-escolar-para-la-mejora-institucional.pdf\" target=\"_blank\">FC Gesti\u00f3n educativa y escolar para la mejora institucional<\/a><\/li>\n\n<li><a href=\"https:\/\/normaleskildsen.mx\/eduprimaria\/wp-content\/uploads\/2025\/11\/6to.-Ingles.-Fortalecimiento-de-la-confianza-en-la-comunicacion.pdf\" target=\"_blank\">FC Ingl\u00e9s. Fortalecimiento de la confianza en la comunicaci\u00f3n<\/a><\/li>\n\n<li><a href=\"https:\/\/normaleskildsen.mx\/eduprimaria\/wp-content\/uploads\/2025\/11\/6to.-Problemas-y-desafios-de-la-educacion-en-la-entidad.pdf\" target=\"_blank\">FC Problemas y desaf\u00edos de la educaci\u00f3n en la entidad<\/a><\/li>\n\n<li><a href=\"https:\/\/normaleskildsen.mx\/eduprimaria\/wp-content\/uploads\/2025\/11\/6to.-Estrategias-para-el-analisis-de-infomacion.pdf\" target=\"_blank\">FC Estrategias para el an\u00e1lisis de la informaci\u00f3n<\/a><\/li>\n\n<\/ul>\n<\/div>\n\n<!-- SEMESTRE 7 -->\n<div class=\"timeline-segment\">\n<h3>Semestre 7<\/h3>\n<ul>\n\n<li><a href=\"https:\/\/normaleskildsen.mx\/eduprimaria\/wp-content\/uploads\/2025\/11\/7mo.-y-8vo.-Aprendizaje-en-el-servicio-I-y-II.pdf\" target=\"_blank\">FC Aprendizaje en el servicio<\/a><\/li>\n\n<li><a href=\"https:\/\/normaleskildsen.mx\/eduprimaria\/wp-content\/uploads\/2025\/11\/7mo.-Teatro-y-artes-visuales.pdf\" target=\"_blank\">FC Teatro y artes visuales<\/a><\/li>\n\n<li><a href=\"https:\/\/normaleskildsen.mx\/eduprimaria\/wp-content\/uploads\/2025\/11\/7mo.-Investigacion-educativa.pdf\" target=\"_blank\">FC Investigaci\u00f3n educativa<\/a><\/li>\n\n<\/ul>\n<\/div>\n\n<!-- SEMESTRE 8 -->\n<div class=\"timeline-segment\">\n<h3>Semestre 8<\/h3>\n<ul>\n\n<li><a href=\"https:\/\/normaleskildsen.mx\/eduprimaria\/wp-content\/uploads\/2025\/11\/7mo.-y-8vo.-Aprendizaje-en-el-servicio-I-y-II.pdf\" target=\"_blank\">FC Aprendizaje en el servicio<\/a><\/li>\n\n<li><a href=\"https:\/\/normaleskildsen.mx\/eduprimaria\/wp-content\/uploads\/2025\/11\/8vo.-Trabajo-de-titulacion.pdf\" target=\"_blank\">FC Trabajo de titulaci\u00f3n<\/a><\/li>\n\n<\/ul>\n<\/div>\n\n<\/div>\n\n<\/div>\n\n\n\n<div class=\"wp-block-column is-layout-flow wp-block-column-is-layout-flow\" style=\"flex-basis:10%\"><\/div>\n<\/div>\n\n\n\n<p><\/p>\n","protected":false},"excerpt":{"rendered":"<p>La egresada y el egresado de esta licenciatura es un profesional de la educaci\u00f3n con s\u00f3lida formaci\u00f3n pedag\u00f3gica, did\u00e1ctica y disciplinar, capaz de planificar, desarrollar y evaluar su pr\u00e1ctica docente en contextos presenciales, h\u00edbridos y a distancia. Conoce el marco normativo del Sistema Educativo Nacional, asume principios \u00e9ticos y legales, y adapta su ense\u00f1anza a las realidades locales, regionales y globales. Promueve ambientes de aprendizaje inclusivos y centrados en las y los estudiantes, dise\u00f1ando estrategias que consideran su desarrollo cognitivo, f\u00edsico, emocional y sociocultural. Adem\u00e1s, se desempe\u00f1a como agente de transformaci\u00f3n social, comprometido con la justicia, la equidad y la<\/p>\n","protected":false},"author":1,"featured_media":0,"parent":0,"menu_order":0,"comment_status":"closed","ping_status":"closed","template":"","meta":{"_eb_attr":"","h5ap_radio_sources":[],"footnotes":""},"class_list":["post-2078","page","type-page","status-publish","hentry"],"_links":{"self":[{"href":"https:\/\/normaleskildsen.mx\/eduprimaria\/wp-json\/wp\/v2\/pages\/2078","targetHints":{"allow":["GET"]}}],"collection":[{"href":"https:\/\/normaleskildsen.mx\/eduprimaria\/wp-json\/wp\/v2\/pages"}],"about":[{"href":"https:\/\/normaleskildsen.mx\/eduprimaria\/wp-json\/wp\/v2\/types\/page"}],"author":[{"embeddable":true,"href":"https:\/\/normaleskildsen.mx\/eduprimaria\/wp-json\/wp\/v2\/users\/1"}],"replies":[{"embeddable":true,"href":"https:\/\/normaleskildsen.mx\/eduprimaria\/wp-json\/wp\/v2\/comments?post=2078"}],"version-history":[{"count":13,"href":"https:\/\/normaleskildsen.mx\/eduprimaria\/wp-json\/wp\/v2\/pages\/2078\/revisions"}],"predecessor-version":[{"id":3663,"href":"https:\/\/normaleskildsen.mx\/eduprimaria\/wp-json\/wp\/v2\/pages\/2078\/revisions\/3663"}],"wp:attachment":[{"href":"https:\/\/normaleskildsen.mx\/eduprimaria\/wp-json\/wp\/v2\/media?parent=2078"}],"curies":[{"name":"wp","href":"https:\/\/api.w.org\/{rel}","templated":true}]}}