{"id":1003,"date":"2025-04-01T01:26:19","date_gmt":"2025-04-01T01:26:19","guid":{"rendered":"https:\/\/normaleskildsen.mx\/eduprimaria\/?page_id=1003"},"modified":"2026-05-03T16:56:27","modified_gmt":"2026-05-03T16:56:27","slug":"segundo-periodo","status":"publish","type":"page","link":"https:\/\/normaleskildsen.mx\/eduprimaria\/segundo-periodo\/","title":{"rendered":"Segundo periodo"},"content":{"rendered":"\n<div style=\"text-align: justify;\">\n\n\n\n<div class=\"wp-block-columns is-layout-flex wp-container-core-columns-is-layout-28f84493 wp-block-columns-is-layout-flex\">\n<div class=\"wp-block-column is-layout-flow wp-block-column-is-layout-flow\" style=\"flex-basis:10%\"><\/div>\n\n\n\n<div class=\"wp-block-column is-layout-flow wp-block-column-is-layout-flow\" style=\"flex-basis:80%\">\n<p class=\"has-text-align-center has-small-font-size\"><strong>Consolidaci\u00f3n y Reconocimiento de la Educaci\u00f3n Normal (1933 a 1973)<\/strong><\/p>\n\n\n\n<p class=\"has-tiny-font-size\">Durante este segundo periodo, la Escuela Rosario Mar\u00eda Guti\u00e9rrez Eskildsen transita por una etapa de profunda consolidaci\u00f3n institucional, marcada por transformaciones sociales, pol\u00edticas y educativas que redefinieron el perfil del magisterio en M\u00e9xico. Inicia una nueva fase caracterizada por la estructuraci\u00f3n acad\u00e9mica, la profesionalizaci\u00f3n docente y el posicionamiento de la instituci\u00f3n como referente formativo en el estado de Tabasco.<\/p>\n\n\n\n<p class=\"has-tiny-font-size\">Este periodo abarca tres d\u00e9cadas fundamentales en la historia de la educaci\u00f3n mexicana: la expansi\u00f3n del sistema educativo nacional, la consolidaci\u00f3n de la educaci\u00f3n p\u00fablica como derecho universal, y la participaci\u00f3n activa de las normales en los procesos de cambio pedag\u00f3gico y cultural. En ese contexto, nuestra escuela no solo se adapt\u00f3 a las reformas, sino que tambi\u00e9n cultiv\u00f3 una identidad s\u00f3lida basada en el compromiso social, la equidad y la excelencia acad\u00e9mica.<\/p>\n\n\n\n<p class=\"has-tiny-font-size\">Es tambi\u00e9n una etapa de fortalecimiento comunitario: se ampl\u00eda la infraestructura, se diversifican las actividades acad\u00e9micas y culturales, y se consolida el sentido de pertenencia de docentes y estudiantes. La formaci\u00f3n de maestras y maestros comienza a tomar una dimensi\u00f3n m\u00e1s integral, con \u00e9nfasis en el pensamiento cr\u00edtico, la reflexi\u00f3n pedag\u00f3gica y la funci\u00f3n social del magisterio.<\/p>\n\n\n\n<p class=\"has-tiny-font-size\">La imagen que acompa\u00f1a esta secci\u00f3n nos permite visualizar una \u00e9poca de transformaci\u00f3n y madurez institucional. Cada hito en la l\u00ednea del tiempo es testimonio de una comunidad educativa que ha sabido responder a los desaf\u00edos de su tiempo sin perder de vista su misi\u00f3n fundamental: formar educadores comprometidos con la realidad de su pa\u00eds.<\/p>\n<\/div>\n\n\n\n<div class=\"wp-block-column is-layout-flow wp-block-column-is-layout-flow\" style=\"flex-basis:10%\"><\/div>\n<\/div>\n\n\n\n<div class=\"wp-block-columns is-layout-flex wp-container-core-columns-is-layout-28f84493 wp-block-columns-is-layout-flex\">\n<div class=\"wp-block-column is-layout-flow wp-block-column-is-layout-flow\" style=\"flex-basis:10%\"><\/div>\n\n\n\n<div class=\"wp-block-column is-layout-flow wp-block-column-is-layout-flow\" style=\"flex-basis:80%\">\n<div class=\"wp-block-group alignfull has-text-color has-background is-layout-flow wp-block-group-is-layout-flow\" style=\"color:#000000;background-color:#ffffff\">\n<div class=\"wp-block-buttons is-horizontal is-content-justification-center is-layout-flex wp-container-core-buttons-is-layout-03627597 wp-block-buttons-is-layout-flex\">\n<div class=\"wp-block-button has-custom-width wp-block-button__width-50 is-style-custombuttonthree\"><a class=\"wp-block-button__link has-secondary-background-color has-text-color has-background wp-element-button\" style=\"border-radius:50px;color:#ffffff\">Iniciamos el recorrido<\/a><\/div>\n<\/div>\n<\/div>\n<\/div>\n\n\n\n<div class=\"wp-block-column is-layout-flow wp-block-column-is-layout-flow\" style=\"flex-basis:10%\"><\/div>\n<\/div>\n\n\n\n<div class=\"wp-block-columns is-layout-flex wp-container-core-columns-is-layout-28f84493 wp-block-columns-is-layout-flex\">\n<div class=\"wp-block-column is-layout-flow wp-block-column-is-layout-flow\" style=\"flex-basis:25%\"><\/div>\n\n\n\n<div class=\"wp-block-column is-layout-flow wp-block-column-is-layout-flow\" style=\"flex-basis:50%\">\n<p class=\"has-text-align-center has-tiny-font-size\">Haz clic sobre cada punto rojo \ud83d\udd34 en la l\u00ednea del tiempo para descubrir los hechos m\u00e1s relevantes de este segundo periodo hist\u00f3rico. Cada punto contiene informaci\u00f3n clave que te permitir\u00e1 conocer el origen y la evoluci\u00f3n de nuestra instituci\u00f3n.<\/p>\n<\/div>\n\n\n\n<div class=\"wp-block-column is-layout-flow wp-block-column-is-layout-flow\" style=\"flex-basis:25%\"><\/div>\n<\/div>\n\n\n\n<div class=\"wp-block-columns is-layout-flex wp-container-core-columns-is-layout-28f84493 wp-block-columns-is-layout-flex\">\n<div class=\"wp-block-column is-layout-flow wp-block-column-is-layout-flow\" style=\"flex-basis:10%\"><\/div>\n\n\n\n<div class=\"wp-block-column is-layout-flow wp-block-column-is-layout-flow\" style=\"flex-basis:80%\">\n<div class=\"mapa-bloque\">\n  <img decoding=\"async\" src=\"https:\/\/normaleskildsen.mx\/documentos\/BloqueB.png\" alt=\"Imagen interactiva\">\n\n  <svg class=\"capa-hotspots\" viewBox=\"0 0 2048 645\" preserveAspectRatio=\"none\">\n    <a href=\"https:\/\/normaleskildsen.mx\/documentos\/B1933.png\" target=\"_blank\">\n      <circle cx=\"568.32\" cy=\"169.05\" r=\"16\" class=\"hotspot-svg\" \/>\n    <\/a>\n\n    <a href=\"https:\/\/normaleskildsen.mx\/documentos\/B1935.png\" target=\"_blank\">\n      <circle cx=\"849.72\" cy=\"507.10\" r=\"16\" class=\"hotspot-svg\" \/>\n    <\/a>\n\n    <a href=\"https:\/\/normaleskildsen.mx\/documentos\/B1937.png\" target=\"_blank\">\n      <circle cx=\"820.22\" cy=\"169.05\" r=\"16\" class=\"hotspot-svg\" \/>\n    <\/a>\n\n    <a href=\"https:\/\/normaleskildsen.mx\/documentos\/B1949.png\" target=\"_blank\">\n      <circle cx=\"1112.68\" cy=\"503.23\" r=\"16\" class=\"hotspot-svg\" \/>\n    <\/a>\n\n    <a href=\"https:\/\/normaleskildsen.mx\/documentos\/B1955.png\" target=\"_blank\">\n      <circle cx=\"1230.44\" cy=\"108.81\" r=\"16\" class=\"hotspot-svg\" \/>\n    <\/a>\n\n    <a href=\"https:\/\/normaleskildsen.mx\/documentos\/B1962.png\" target=\"_blank\">\n      <circle cx=\"1476.81\" cy=\"503.23\" r=\"16\" class=\"hotspot-svg\" \/>\n    <\/a>\n\n    <a href=\"https:\/\/normaleskildsen.mx\/documentos\/B1970.png\" target=\"_blank\">\n      <circle cx=\"1644.34\" cy=\"149.64\" r=\"16\" class=\"hotspot-svg\" \/>\n    <\/a>\n\n    <a href=\"https:\/\/normaleskildsen.mx\/documentos\/B1973.png\" target=\"_blank\">\n      <circle cx=\"1732.61\" cy=\"505.16\" r=\"16\" class=\"hotspot-svg\" \/>\n    <\/a>\n  <\/svg>\n<\/div>\n\n<style>\n.mapa-bloque {\n  position: relative;\n  width: 100%;\n  max-width: 2048px;\n}\n\n.mapa-bloque img {\n  display: block;\n  width: 100%;\n  height: auto;\n}\n\n.capa-hotspots {\n  position: absolute;\n  inset: 0;\n  width: 100%;\n  height: 100%;\n}\n\n.hotspot-svg {\n  fill: red;\n  stroke: white;\n  stroke-width: 4;\n  cursor: pointer;\n  transition: transform 0.2s ease;\n  transform-origin: center;\n}\n\n.hotspot-svg:hover {\n  transform: scale(1.12);\n}\n<\/style>\n<\/div>\n\n\n\n<div class=\"wp-block-column is-layout-flow wp-block-column-is-layout-flow\" style=\"flex-basis:10%\"><\/div>\n<\/div>\n\n\n\n<div class=\"wp-block-columns is-layout-flex wp-container-core-columns-is-layout-28f84493 wp-block-columns-is-layout-flex\">\n<div class=\"wp-block-column is-layout-flow wp-block-column-is-layout-flow\">\n<p class=\"has-text-align-center\">O si lo prefieres, utiliza los botones <strong>Anterior<\/strong> y <strong>Siguiente<\/strong> para hacer el recorrido virtual del periodo.<\/p>\n<\/div>\n<\/div>\n\n\n\n<div class=\"wp-block-columns is-layout-flex wp-container-core-columns-is-layout-28f84493 wp-block-columns-is-layout-flex\">\n<div class=\"wp-block-column is-layout-flow wp-block-column-is-layout-flow\" style=\"flex-basis:10%\"><\/div>\n\n\n\n<div class=\"wp-block-column is-layout-flow wp-block-column-is-layout-flow\" style=\"flex-basis:80%\">\n<div id=\"tour-container-b\" class=\"tour-container\">\n  <div class=\"tour-header\">\n    <span class=\"tour-kicker\">Recorrido hist\u00f3rico<\/span>\n    <h3>L\u00ednea del tiempo<\/h3>\n    <p>Explora los momentos m\u00e1s relevantes de esta etapa institucional.<\/p>\n  <\/div>\n\n  <div class=\"tour-stage\">\n    <div class=\"tour-slide active\">\n      <img decoding=\"async\" src=\"https:\/\/normaleskildsen.mx\/documentos\/B1933.png\" alt=\"1933\" class=\"tour-image\">\n      <div class=\"tour-caption\">\n        <span class=\"tour-year\">1933<\/span>\n        <p>Nueva designaci\u00f3n.<\/p>\n      <\/div>\n    <\/div>\n\n    <div class=\"tour-slide\">\n      <img decoding=\"async\" src=\"https:\/\/normaleskildsen.mx\/documentos\/B1935.png\" alt=\"1935\" class=\"tour-image\">\n      <div class=\"tour-caption\">\n        <span class=\"tour-year\">1935<\/span>\n        <p>La Escuela recibe nuevo nombre.<\/p>\n      <\/div>\n    <\/div>\n\n    <div class=\"tour-slide\">\n      <img decoding=\"async\" src=\"https:\/\/normaleskildsen.mx\/documentos\/B1937.png\" alt=\"1937\" class=\"tour-image\">\n      <div class=\"tour-caption\">\n        <span class=\"tour-year\">1937<\/span>\n        <p>Registro de documentos oficiales.<\/p>\n      <\/div>\n    <\/div>\n\n    <div class=\"tour-slide\">\n      <img decoding=\"async\" src=\"https:\/\/normaleskildsen.mx\/documentos\/B1949.png\" alt=\"1949\" class=\"tour-image\">\n      <div class=\"tour-caption\">\n        <span class=\"tour-year\">1949<\/span>\n        <p>Se crea \u00f3rgano de difusi\u00f3n.<\/p>\n      <\/div>\n    <\/div>\n\n    <div class=\"tour-slide\">\n      <img decoding=\"async\" src=\"https:\/\/normaleskildsen.mx\/documentos\/B1955.png\" alt=\"1955\" class=\"tour-image\">\n      <div class=\"tour-caption\">\n        <span class=\"tour-year\">1955<\/span>\n        <p>Se promulga nueva Ley.<\/p>\n      <\/div>\n    <\/div>\n\n    <div class=\"tour-slide\">\n      <img decoding=\"async\" src=\"https:\/\/normaleskildsen.mx\/documentos\/B1962.png\" alt=\"1962\" class=\"tour-image\">\n      <div class=\"tour-caption\">\n        <span class=\"tour-year\">1962<\/span>\n        <p>Hay nueva modificaci\u00f3n de nombre.<\/p>\n      <\/div>\n    <\/div>\n\n    <div class=\"tour-slide\">\n      <img decoding=\"async\" src=\"https:\/\/normaleskildsen.mx\/documentos\/B1970.png\" alt=\"1970\" class=\"tour-image\">\n      <div class=\"tour-caption\">\n        <span class=\"tour-year\">1970<\/span>\n        <p>Nuevo edificio para la Escuela.<\/p>\n      <\/div>\n    <\/div>\n\n    <div class=\"tour-slide\">\n      <img decoding=\"async\" src=\"https:\/\/normaleskildsen.mx\/documentos\/B1973.png\" alt=\"1973\" class=\"tour-image\">\n      <div class=\"tour-caption\">\n        <span class=\"tour-year\">1973<\/span>\n        <p>Se termina una obra.<\/p>\n      <\/div>\n    <\/div>\n  <\/div>\n\n  <div class=\"tour-footer\">\n    <button type=\"button\" class=\"tour-prev\">Anterior<\/button>\n    <div class=\"tour-counter\">\n      <span class=\"tour-current\">1<\/span> \/ <span class=\"tour-total\">8<\/span>\n    <\/div>\n    <button type=\"button\" class=\"tour-next\">Siguiente<\/button>\n  <\/div>\n<\/div>\n\n<div id=\"tour-modal-b\" class=\"tour-modal\">\n  <span class=\"tour-modal-close\">&times;<\/span>\n  <img class=\"tour-modal-image\" alt=\"Imagen ampliada\">\n<\/div>\n\n<style>\n#tour-container-b {\n  max-width: 520px;\n  margin: 40px auto;\n  padding: 5px;\n  border-radius: 24px;\n  background: none;\n  box-shadow: none;\n  font-family: \"Helvetica Neue\", Arial, sans-serif;\n  color: #1f2d3d;\n}\n\n#tour-container-b .tour-header {\n  text-align: center;\n  margin-bottom: 20px;\n}\n\n#tour-container-b .tour-kicker {\n  display: inline-block;\n  padding: 6px 12px;\n  border-radius: 999px;\n  background: #d9ecfb;\n  color: #005b96;\n  font-size: 14px;\n  font-weight: 700;\n  letter-spacing: 0.08em;\n  text-transform: uppercase;\n}\n\n#tour-container-b .tour-header h3 {\n  margin: 12px 0 8px;\n  font-size: 24px;\n  line-height: 1.1;\n}\n\n#tour-container-b .tour-header p {\n  margin: 0;\n  font-size: 14px;\n  line-height: 1.6;\n  color: #4c6175;\n}\n\n#tour-container-b .tour-stage {\n  position: relative;\n}\n\n#tour-container-b .tour-slide {\n  display: none;\n  animation: fadeSlideB 0.35s ease;\n}\n\n#tour-container-b .tour-slide.active {\n  display: block;\n}\n\n#tour-container-b .tour-slide img {\n  display: block;\n  width: 82%;\n  max-width: 340px;\n  margin: 0 auto;\n  border-radius: 18px;\n  box-shadow: 0 12px 28px rgba(0, 0, 0, 0.18);\n}\n\n#tour-container-b .tour-image {\n  cursor: pointer;\n  transition: transform 0.2s ease;\n}\n\n#tour-container-b .tour-image:hover {\n  transform: scale(1.03);\n}\n\n#tour-container-b .tour-caption {\n  margin-top: 16px;\n  padding: 18px;\n  border-radius: 18px;\n  background: #ffffff;\n  box-shadow: 0 8px 24px rgba(31, 45, 61, 0.08);\n  text-align: left;\n}\n\n#tour-container-b .tour-year {\n  display: inline-block;\n  margin-bottom: 10px;\n  font-size: 14px;\n  font-weight: 700;\n  color: #005b96;\n  background: #e8f4ff;\n  padding: 6px 10px;\n  border-radius: 999px;\n}\n\n#tour-container-b .tour-caption p {\n  margin: 0;\n  font-size: 14px;\n  line-height: 1.6;\n}\n\n#tour-container-b .tour-footer {\n  display: flex;\n  align-items: center;\n  justify-content: space-between;\n  gap: 12px;\n  margin-top: 20px;\n}\n\n#tour-container-b .tour-footer button {\n  border: none;\n  background: #0074ba;\n  color: #fff;\n  padding: 12px 18px;\n  border-radius: 12px;\n  font-size: 15px;\n  font-weight: 700;\n  cursor: pointer;\n  transition: background 0.2s ease, transform 0.2s ease;\n}\n\n#tour-container-b .tour-footer button:hover {\n  background: #005f98;\n  transform: translateY(-1px);\n}\n\n#tour-container-b .tour-counter {\n  min-width: 72px;\n  text-align: center;\n  font-weight: 700;\n  color: #35516b;\n}\n\n#tour-modal-b {\n  display: none;\n  position: fixed;\n  z-index: 9999;\n  inset: 0;\n  background: rgba(0, 0, 0, 0.88);\n  padding: 30px;\n}\n\n#tour-modal-b .tour-modal-image {\n  display: block;\n  max-width: 90%;\n  max-height: 85vh;\n  margin: 40px auto 0;\n  border-radius: 14px;\n  box-shadow: 0 18px 40px rgba(0, 0, 0, 0.35);\n}\n\n#tour-modal-b .tour-modal-close {\n  position: absolute;\n  top: 18px;\n  right: 28px;\n  color: #fff;\n  font-size: 42px;\n  font-weight: 700;\n  cursor: pointer;\n  line-height: 1;\n}\n\n@keyframes fadeSlideB {\n  from {\n    opacity: 0;\n    transform: translateY(8px);\n  }\n  to {\n    opacity: 1;\n    transform: translateY(0);\n  }\n}\n\n@media (max-width: 640px) {\n  #tour-container-b {\n    padding: 18px;\n    border-radius: 18px;\n  }\n\n  #tour-container-b .tour-header h3 {\n    font-size: 24px;\n  }\n\n  #tour-container-b .tour-slide img {\n    width: 78%;\n    max-width: 260px;\n  }\n\n  #tour-container-b .tour-footer {\n    flex-direction: column;\n  }\n\n  #tour-container-b .tour-footer button {\n    width: 100%;\n  }\n\n  #tour-modal-b {\n    padding: 16px;\n  }\n\n  #tour-modal-b .tour-modal-image {\n    max-width: 100%;\n  }\n}\n<\/style>\n\n<script>\ndocument.addEventListener('DOMContentLoaded', function () {\n  const container = document.getElementById('tour-container-b');\n  const slides = container.querySelectorAll('.tour-slide');\n  const currentEl = container.querySelector('.tour-current');\n  const totalEl = container.querySelector('.tour-total');\n  const prevBtn = container.querySelector('.tour-prev');\n  const nextBtn = container.querySelector('.tour-next');\n  const modal = document.getElementById('tour-modal-b');\n  const modalImage = modal.querySelector('.tour-modal-image');\n  const modalClose = modal.querySelector('.tour-modal-close');\n  let currentSlide = 0;\n\n  function showSlide(index) {\n    slides.forEach((slide, i) => {\n      slide.classList.toggle('active', i === index);\n    });\n    currentEl.textContent = index + 1;\n    totalEl.textContent = slides.length;\n  }\n\n  prevBtn.addEventListener('click', function () {\n    currentSlide = (currentSlide - 1 + slides.length) % slides.length;\n    showSlide(currentSlide);\n  });\n\n  nextBtn.addEventListener('click', function () {\n    currentSlide = (currentSlide + 1) % slides.length;\n    showSlide(currentSlide);\n  });\n\n  container.querySelectorAll('.tour-image').forEach((img) => {\n    img.addEventListener('click', function () {\n      modalImage.src = this.src;\n      modal.style.display = 'block';\n    });\n  });\n\n  modalClose.addEventListener('click', function () {\n    modal.style.display = 'none';\n    modalImage.src = '';\n  });\n\n  modal.addEventListener('click', function (event) {\n    if (event.target === modal) {\n      modal.style.display = 'none';\n      modalImage.src = '';\n    }\n  });\n\n  showSlide(currentSlide);\n});\n<\/script>\n\n<\/div>\n\n\n\n<div class=\"wp-block-column is-layout-flow wp-block-column-is-layout-flow\" style=\"flex-basis:10%\"><\/div>\n<\/div>\n\n\n\n<div class=\"wp-block-columns is-layout-flex wp-container-core-columns-is-layout-28f84493 wp-block-columns-is-layout-flex\">\n<div class=\"wp-block-column is-layout-flow wp-block-column-is-layout-flow\" style=\"flex-basis:10%\"><\/div>\n\n\n\n<div class=\"wp-block-column is-layout-flow wp-block-column-is-layout-flow\" style=\"flex-basis:80%\">\n<div class=\"wp-block-group alignfull has-text-color has-background is-layout-flow wp-block-group-is-layout-flow\" style=\"color:#000000;background-color:#ffffff\">\n<div class=\"wp-block-buttons is-horizontal is-content-justification-center is-layout-flex wp-container-core-buttons-is-layout-03627597 wp-block-buttons-is-layout-flex\">\n<div class=\"wp-block-button has-custom-width wp-block-button__width-50 is-style-custombuttonthree\"><a class=\"wp-block-button__link has-sixth-background-color has-text-color has-background wp-element-button\" href=\"https:\/\/normaleskildsen.mx\/eduprimaria\/tercer-periodo\/\" style=\"border-radius:50px;color:#ffffff\">TERCER PERIODO<\/a><\/div>\n<\/div>\n<\/div>\n<\/div>\n\n\n\n<div class=\"wp-block-column is-layout-flow wp-block-column-is-layout-flow\" style=\"flex-basis:10%\"><\/div>\n<\/div>\n\n\n\n<p><\/p>\n","protected":false},"excerpt":{"rendered":"<p>Consolidaci\u00f3n y Reconocimiento de la Educaci\u00f3n Normal (1933 a 1973) Durante este segundo periodo, la Escuela Rosario Mar\u00eda Guti\u00e9rrez Eskildsen transita por una etapa de profunda consolidaci\u00f3n institucional, marcada por transformaciones sociales, pol\u00edticas y educativas que redefinieron el perfil del magisterio en M\u00e9xico. Inicia una nueva fase caracterizada por la estructuraci\u00f3n acad\u00e9mica, la profesionalizaci\u00f3n docente y el posicionamiento de la instituci\u00f3n como referente formativo en el estado de Tabasco. Este periodo abarca tres d\u00e9cadas fundamentales en la historia de la educaci\u00f3n mexicana: la expansi\u00f3n del sistema educativo nacional, la consolidaci\u00f3n de la educaci\u00f3n p\u00fablica como derecho universal, y la participaci\u00f3n<\/p>\n","protected":false},"author":1,"featured_media":0,"parent":0,"menu_order":0,"comment_status":"closed","ping_status":"closed","template":"","meta":{"_eb_attr":"","h5ap_radio_sources":[],"footnotes":""},"class_list":["post-1003","page","type-page","status-publish","hentry"],"_links":{"self":[{"href":"https:\/\/normaleskildsen.mx\/eduprimaria\/wp-json\/wp\/v2\/pages\/1003","targetHints":{"allow":["GET"]}}],"collection":[{"href":"https:\/\/normaleskildsen.mx\/eduprimaria\/wp-json\/wp\/v2\/pages"}],"about":[{"href":"https:\/\/normaleskildsen.mx\/eduprimaria\/wp-json\/wp\/v2\/types\/page"}],"author":[{"embeddable":true,"href":"https:\/\/normaleskildsen.mx\/eduprimaria\/wp-json\/wp\/v2\/users\/1"}],"replies":[{"embeddable":true,"href":"https:\/\/normaleskildsen.mx\/eduprimaria\/wp-json\/wp\/v2\/comments?post=1003"}],"version-history":[{"count":24,"href":"https:\/\/normaleskildsen.mx\/eduprimaria\/wp-json\/wp\/v2\/pages\/1003\/revisions"}],"predecessor-version":[{"id":4729,"href":"https:\/\/normaleskildsen.mx\/eduprimaria\/wp-json\/wp\/v2\/pages\/1003\/revisions\/4729"}],"wp:attachment":[{"href":"https:\/\/normaleskildsen.mx\/eduprimaria\/wp-json\/wp\/v2\/media?parent=1003"}],"curies":[{"name":"wp","href":"https:\/\/api.w.org\/{rel}","templated":true}]}}